{"id":38187,"date":"2025-09-10T15:12:24","date_gmt":"2025-09-10T15:12:24","guid":{"rendered":"http:\/\/alunord.ee\/?post_type=product&#038;p=38187"},"modified":"2025-09-11T14:46:00","modified_gmt":"2025-09-11T14:46:00","slug":"fr90","status":"publish","type":"product","link":"https:\/\/alunord.ee\/en\/product\/fr90\/","title":{"rendered":"FR 90 \u2013 Tulekaitses\u00fcsteem"},"content":{"rendered":"<p><span style=\"font-weight: 400;\">Termoisolatsiooniga alumiiniumprofiilide s\u00fcsteem tulekindlate konstruktsioonide jaoks.<\/span><\/p>\n<p><span style=\"font-weight: 400;\">S\u00fcsteem v\u00f5imaldab luua konstruktsioone j\u00e4rgmiste tulep\u00fcsivusklassidega:<\/span><\/p>\n<ul>\n<li style=\"font-weight: 400;\" aria-level=\"1\"><span style=\"font-weight: 400;\">Seinad: EI30, EI60, EI90, EI120<\/span><\/li>\n<li style=\"font-weight: 400;\" aria-level=\"1\"><span style=\"font-weight: 400;\">Uksed: EI30, EI60, EI90<\/span><\/li>\n<\/ul>\n<p>&nbsp;<\/p>\n<p><b>P\u00f5hiomadused<\/b><\/p>\n<ul>\n<li style=\"font-weight: 400;\" aria-level=\"1\"><span style=\"font-weight: 400;\">Kasutusvaldkond: sise- ja v\u00e4lispaigaldised<\/span><\/li>\n<li style=\"font-weight: 400;\" aria-level=\"1\"><span style=\"font-weight: 400;\">Paigalduss\u00fcgavus: 90 mm<\/span><\/li>\n<li style=\"font-weight: 400;\" aria-level=\"1\"><span style=\"font-weight: 400;\">S\u00fcmmeetriline profiilikujundus:<\/span>\n<ul>\n<li style=\"font-weight: 400;\" aria-level=\"2\"><span style=\"font-weight: 400;\">EI30 puhul: sisekamber t\u00e4idetud kipsiga (termiliste kihtide vahel)<\/span><\/li>\n<li style=\"font-weight: 400;\" aria-level=\"2\"><span style=\"font-weight: 400;\">EI60 puhul: k\u00f5ik kambrid t\u00e4idetud kipsiga<\/span><\/li>\n<\/ul>\n<\/li>\n<li style=\"font-weight: 400;\" aria-level=\"1\"><span style=\"font-weight: 400;\">\u00dchilduvus teiste 90 mm s\u00fcgavusega s\u00fcsteemidega: nt STAR<\/span><\/li>\n<\/ul>\n<p>&nbsp;<\/p>\n<p><b>Klaasimine ja paneelt\u00e4ited<\/b><\/p>\n<ul>\n<li style=\"font-weight: 400;\" aria-level=\"1\"><span style=\"font-weight: 400;\">Kolmekordne klaaspakett: klaasi paksus 20\u201369 mm<\/span><\/li>\n<li style=\"font-weight: 400;\" aria-level=\"1\"><span style=\"font-weight: 400;\">Paneelt\u00e4ited (60 mm paksus):<\/span>\n<ul>\n<li style=\"font-weight: 400;\" aria-level=\"2\"><span style=\"font-weight: 400;\">Mineraalvillaga t\u00e4idetud paneelid \u2013 soojusl\u00e4bivuskoefitsient Up = 0,57 W\/m\u00b2K<\/span><\/li>\n<li style=\"font-weight: 400;\" aria-level=\"2\"><span style=\"font-weight: 400;\">Kipsiga t\u00e4idetud paneelid<\/span><\/li>\n<\/ul>\n<\/li>\n<\/ul>\n<p>&nbsp;<\/p>\n<p><b>Konstruktsioonit\u00fc\u00fcbid<\/b><\/p>\n<ul>\n<li style=\"font-weight: 400;\" aria-level=\"1\"><span style=\"font-weight: 400;\">\u00dche- ja kahelehega uksed<\/span><\/li>\n<li style=\"font-weight: 400;\" aria-level=\"1\"><span style=\"font-weight: 400;\">Fikseeritud klaasseinad<\/span><\/li>\n<\/ul>\n<p>&nbsp;<\/p>\n<p><b>Maksimaalsed m\u00f5\u00f5tmed (testitud konstruktsioonid)<\/b><\/p>\n<ul>\n<li style=\"font-weight: 400;\" aria-level=\"1\"><span style=\"font-weight: 400;\">Fikseeritud klaassein (\u00fche klaasiga): kuni 6000 \u00d7 3000 mm<\/span><\/li>\n<li style=\"font-weight: 400;\" aria-level=\"1\"><span style=\"font-weight: 400;\">\u00dchepoolne uks: kuni 1650 \u00d7 2870 mm<\/span><\/li>\n<li style=\"font-weight: 400;\" aria-level=\"1\"><span style=\"font-weight: 400;\">Kahepoolne uks: kuni 3170 \u00d7 2870 mm<\/span><\/li>\n<\/ul>\n<p>&nbsp;<\/p>\n<p><b>Lisav\u00f5imalused ja funktsioonid<\/b><\/p>\n<ul>\n<li style=\"font-weight: 400;\" aria-level=\"1\"><span style=\"font-weight: 400;\">\u00dche- ja mitmepunktilukustused<\/span><\/li>\n<li style=\"font-weight: 400;\" aria-level=\"1\"><span style=\"font-weight: 400;\">Elektrilised ukselukud<\/span><\/li>\n<li style=\"font-weight: 400;\" aria-level=\"1\"><span style=\"font-weight: 400;\">Paanikufurnituur<\/span><\/li>\n<li style=\"font-weight: 400;\" aria-level=\"1\"><span style=\"font-weight: 400;\">Hinged: katteplaadiga, rullikud, Inox-hinged<\/span><\/li>\n<li style=\"font-weight: 400;\" aria-level=\"1\"><span style=\"font-weight: 400;\">Lahendused l\u00e4vepakuga ja ilma<\/span><\/li>\n<li style=\"font-weight: 400;\" aria-level=\"1\"><span style=\"font-weight: 400;\">Ukse l\u00f6\u00f6giplaadid (k\u00f5rged soklid)<\/span><\/li>\n<li style=\"font-weight: 400;\" aria-level=\"1\"><span style=\"font-weight: 400;\">V\u00f5imalik paigaldada \u00f5huventilatsiooniavasid<\/span><\/li>\n<li style=\"font-weight: 400;\" aria-level=\"1\"><span style=\"font-weight: 400;\">Optimeeritud profiilid: \u00fcks profiilit\u00fc\u00fcp nii ukseraami kui -lehe jaoks<\/span><\/li>\n<li style=\"font-weight: 400;\" aria-level=\"1\"><span style=\"font-weight: 400;\">Lihtne ja kiire tootmine: klaasiliistu t\u00f6\u00f6tlemine puudub<\/span><\/li>\n<\/ul>\n<p>&nbsp;<\/p>\n<p><b>Akustilised omadused<\/b><\/p>\n<ul>\n<li style=\"font-weight: 400;\" aria-level=\"1\"><span style=\"font-weight: 400;\">Kahepoolsete uste helipidavus (EI30 ja EI60): 39 kuni 47 dB<\/span><\/li>\n<li style=\"font-weight: 400;\" aria-level=\"1\"><span style=\"font-weight: 400;\">(testitud sise- ja v\u00e4lispaigaldusel)<\/span><\/li>\n<\/ul>\n<p>&nbsp;<\/p>\n<p><b>Viimistlus ja v\u00e4rvivalik<\/b><\/p>\n<ul>\n<li style=\"font-weight: 400;\" aria-level=\"1\"><span style=\"font-weight: 400;\">RAL-v\u00e4rvikaart (Qualicoat 1518)<\/span><\/li>\n<li style=\"font-weight: 400;\" aria-level=\"1\"><span style=\"font-weight: 400;\">Struktuursed viimistlused<\/span><\/li>\n<li style=\"font-weight: 400;\" aria-level=\"1\"><span style=\"font-weight: 400;\">Puiduimitatsioon<\/span><\/li>\n<li style=\"font-weight: 400;\" aria-level=\"1\"><span style=\"font-weight: 400;\">Kiviimitatsioon (Qualideco PL-0001)<\/span><\/li>\n<li style=\"font-weight: 400;\" aria-level=\"1\"><span style=\"font-weight: 400;\">Anodeeritud viimistlus (Qualanod 1808)<\/span><\/li>\n<li style=\"font-weight: 400;\" aria-level=\"1\"><span style=\"font-weight: 400;\">Bi-colour \u2013 erinev toon profiili sise- ja v\u00e4lisk\u00fcljel<\/span><\/li>\n<\/ul>","protected":false},"excerpt":{"rendered":"<p>Termoisolatsiooniga alumiiniumprofiilide s\u00fcsteem tulekindlate konstruktsioonide jaoks. S\u00fcsteem v\u00f5imaldab luua konstruktsioone j\u00e4rgmiste tulep\u00fcsivusklassidega: Seinad: EI30, EI60, EI90, EI120 Uksed: EI30, EI60, EI90 &nbsp; P\u00f5hiomadused Kasutusvaldkond: sise- ja v\u00e4lispaigaldised Paigalduss\u00fcgavus: 90 mm&hellip;<\/p>","protected":false},"featured_media":0,"comment_status":"open","ping_status":"closed","template":"","meta":[],"product_brand":[],"product_cat":[253],"product_tag":[],"class_list":{"0":"post-38187","1":"product","2":"type-product","3":"status-publish","5":"product_cat-tulekindlad-uksed-ja-aknad","7":"first","8":"instock","9":"shipping-taxable","10":"product-type-simple"},"_links":{"self":[{"href":"https:\/\/alunord.ee\/en\/wp-json\/wp\/v2\/product\/38187","targetHints":{"allow":["GET"]}}],"collection":[{"href":"https:\/\/alunord.ee\/en\/wp-json\/wp\/v2\/product"}],"about":[{"href":"https:\/\/alunord.ee\/en\/wp-json\/wp\/v2\/types\/product"}],"replies":[{"embeddable":true,"href":"https:\/\/alunord.ee\/en\/wp-json\/wp\/v2\/comments?post=38187"}],"wp:attachment":[{"href":"https:\/\/alunord.ee\/en\/wp-json\/wp\/v2\/media?parent=38187"}],"wp:term":[{"taxonomy":"product_brand","embeddable":true,"href":"https:\/\/alunord.ee\/en\/wp-json\/wp\/v2\/product_brand?post=38187"},{"taxonomy":"product_cat","embeddable":true,"href":"https:\/\/alunord.ee\/en\/wp-json\/wp\/v2\/product_cat?post=38187"},{"taxonomy":"product_tag","embeddable":true,"href":"https:\/\/alunord.ee\/en\/wp-json\/wp\/v2\/product_tag?post=38187"}],"curies":[{"name":"wp","href":"https:\/\/api.w.org\/{rel}","templated":true}]}}