{"id":38186,"date":"2025-09-10T15:12:14","date_gmt":"2025-09-10T15:12:14","guid":{"rendered":"http:\/\/alunord.ee\/?post_type=product&#038;p=38186"},"modified":"2025-09-11T14:46:32","modified_gmt":"2025-09-11T14:46:32","slug":"fr65","status":"publish","type":"product","link":"https:\/\/alunord.ee\/en\/product\/fr65\/","title":{"rendered":"FR 65 \u2013 Tulekaitses\u00fcsteem"},"content":{"rendered":"<p><span style=\"font-weight: 400;\">Termoisolatsiooniga alumiiniumprofiilide s\u00fcsteem tulekindlate konstruktsioonide jaoks.<\/span><\/p>\n<p><span style=\"font-weight: 400;\">S\u00fcsteem v\u00f5imaldab luua konstruktsioone tulep\u00fcsivusklassidega:<\/span><\/p>\n<ul>\n<li style=\"font-weight: 400;\" aria-level=\"1\"><span style=\"font-weight: 400;\">Seinad: EI30, EI60<\/span><\/li>\n<li style=\"font-weight: 400;\" aria-level=\"1\"><span style=\"font-weight: 400;\">Uksed: EI30, EI60<\/span><\/li>\n<\/ul>\n<p>&nbsp;<\/p>\n<p><b>P\u00f5hiomadused<\/b><\/p>\n<ul>\n<li style=\"font-weight: 400;\" aria-level=\"1\"><span style=\"font-weight: 400;\">Kasutusvaldkond: sisepaigaldised<\/span><\/li>\n<li style=\"font-weight: 400;\" aria-level=\"1\"><span style=\"font-weight: 400;\">Paigalduss\u00fcgavus: 65 mm<\/span><\/li>\n<li style=\"font-weight: 400;\" aria-level=\"1\"><span style=\"font-weight: 400;\">S\u00fcmmeetriline profiilikujundus, mille keskosas on kipsist t\u00e4iteelemendid (termilise isolatsiooni kihtide vahel)<\/span><\/li>\n<li style=\"font-weight: 400;\" aria-level=\"1\"><span style=\"font-weight: 400;\">\u00dchilduvus teiste 65 mm s\u00fcsteemidega: nt Imperial, Ecofutural<\/span><\/li>\n<li style=\"font-weight: 400;\" aria-level=\"1\"><span style=\"font-weight: 400;\">Klaasimine: kahekordne klaaspakett, klaasi paksus 17\u201325 mm<\/span><\/li>\n<li style=\"font-weight: 400;\" aria-level=\"1\"><span style=\"font-weight: 400;\">Paneelide t\u00e4itmine: 17 mm paksused paneelid, t\u00e4idetud kipsiga<\/span><\/li>\n<\/ul>\n<p>&nbsp;<\/p>\n<p><b>Konstruktsioonit\u00fc\u00fcbid<\/b><\/p>\n<ul>\n<li style=\"font-weight: 400;\" aria-level=\"1\"><span style=\"font-weight: 400;\">\u00dche- ja kahelehega uksed<\/span><\/li>\n<li style=\"font-weight: 400;\" aria-level=\"1\"><span style=\"font-weight: 400;\">Fikseeritud klaasseinad<\/span><\/li>\n<\/ul>\n<p>&nbsp;<\/p>\n<p><b>Maksimaalsed m\u00f5\u00f5tmed (testitud konstruktsioonid)<\/b><\/p>\n<ul>\n<li style=\"font-weight: 400;\" aria-level=\"1\"><span style=\"font-weight: 400;\">Fikseeritud sein (EI30): kuni 4930 \u00d7 3104 mm<\/span><\/li>\n<li style=\"font-weight: 400;\" aria-level=\"1\"><span style=\"font-weight: 400;\">Fikseeritud sein (EI60): kuni 4930 \u00d7 2904 mm<\/span><\/li>\n<li style=\"font-weight: 400;\" aria-level=\"1\"><span style=\"font-weight: 400;\">\u00dchepoolne uks: kuni 1400 \u00d7 2500 mm<\/span><\/li>\n<li style=\"font-weight: 400;\" aria-level=\"1\"><span style=\"font-weight: 400;\">Kahepoolne uks: kuni 2690 \u00d7 2500 mm<\/span><\/li>\n<\/ul>\n<p>&nbsp;<\/p>\n<p><b>Lisav\u00f5imalused ja funktsioonid<\/b><\/p>\n<ul>\n<li style=\"font-weight: 400;\" aria-level=\"1\"><span style=\"font-weight: 400;\">\u00dche- ja mitmepunktilukustused<\/span><\/li>\n<li style=\"font-weight: 400;\" aria-level=\"1\"><span style=\"font-weight: 400;\">Elektrilised ukselukud<\/span><\/li>\n<li style=\"font-weight: 400;\" aria-level=\"1\"><span style=\"font-weight: 400;\">Paanikufurnituur<\/span><\/li>\n<li style=\"font-weight: 400;\" aria-level=\"1\"><span style=\"font-weight: 400;\">Katteplaadiga hinged<\/span><\/li>\n<li style=\"font-weight: 400;\" aria-level=\"1\"><span style=\"font-weight: 400;\">Lahendused l\u00e4vepakuga ja ilma<\/span><\/li>\n<li style=\"font-weight: 400;\" aria-level=\"1\"><span style=\"font-weight: 400;\">Ukse l\u00f6\u00f6giplaadid (k\u00f5rged soklid)<\/span><\/li>\n<li style=\"font-weight: 400;\" aria-level=\"1\"><span style=\"font-weight: 400;\">Optimeeritud profiilid: \u00fcks profiilit\u00fc\u00fcp nii ukseraami kui -lehe jaoks<\/span><\/li>\n<li style=\"font-weight: 400;\" aria-level=\"1\"><span style=\"font-weight: 400;\">Lihtne ja kiire tootmisprotsess: klaasiliistu t\u00f6\u00f6tlemine puudub<\/span><\/li>\n<\/ul>\n<p>&nbsp;<\/p>\n<p><b>Akustilised omadused<\/b><\/p>\n<ul>\n<li style=\"font-weight: 400;\" aria-level=\"1\"><span style=\"font-weight: 400;\">Topeltuksed (EI30 ja EI60) \u2013 sisepaigalduseks testitud: kuni 37 dB<\/span><\/li>\n<li style=\"font-weight: 400;\" aria-level=\"1\"><span style=\"font-weight: 400;\">Kipsist t\u00e4itega paneelid: 33 dB<\/span><\/li>\n<\/ul>\n<p>&nbsp;<\/p>\n<p><b>Viimistlus ja v\u00e4rvivalik<\/b><\/p>\n<ul>\n<li style=\"font-weight: 400;\" aria-level=\"1\"><span style=\"font-weight: 400;\">RAL-v\u00e4rvikaart (Qualicoat 1518)<\/span><\/li>\n<li style=\"font-weight: 400;\" aria-level=\"1\"><span style=\"font-weight: 400;\">Struktuursed viimistlused<\/span><\/li>\n<li style=\"font-weight: 400;\" aria-level=\"1\"><span style=\"font-weight: 400;\">Puiduimitatsioon<\/span><\/li>\n<li style=\"font-weight: 400;\" aria-level=\"1\"><span style=\"font-weight: 400;\">Kiviimitatsioon (Qualideco PL-0001)<\/span><\/li>\n<li style=\"font-weight: 400;\" aria-level=\"1\"><span style=\"font-weight: 400;\">Anodeeritud viimistlus (Qualanod 1808)<\/span><\/li>\n<li style=\"font-weight: 400;\" aria-level=\"1\"><span style=\"font-weight: 400;\">Bi-colour \u2013 erinev toon sise- ja v\u00e4lisk\u00fcljel<\/span><\/li>\n<\/ul>","protected":false},"excerpt":{"rendered":"<p>Termoisolatsiooniga alumiiniumprofiilide s\u00fcsteem tulekindlate konstruktsioonide jaoks. S\u00fcsteem v\u00f5imaldab luua konstruktsioone tulep\u00fcsivusklassidega: Seinad: EI30, EI60 Uksed: EI30, EI60 &nbsp; P\u00f5hiomadused Kasutusvaldkond: sisepaigaldised Paigalduss\u00fcgavus: 65 mm S\u00fcmmeetriline profiilikujundus, mille keskosas on kipsist&hellip;<\/p>","protected":false},"featured_media":0,"comment_status":"open","ping_status":"closed","template":"","meta":[],"product_brand":[],"product_cat":[253],"product_tag":[],"class_list":{"0":"post-38186","1":"product","2":"type-product","3":"status-publish","5":"product_cat-tulekindlad-uksed-ja-aknad","7":"first","8":"instock","9":"shipping-taxable","10":"product-type-simple"},"_links":{"self":[{"href":"https:\/\/alunord.ee\/en\/wp-json\/wp\/v2\/product\/38186","targetHints":{"allow":["GET"]}}],"collection":[{"href":"https:\/\/alunord.ee\/en\/wp-json\/wp\/v2\/product"}],"about":[{"href":"https:\/\/alunord.ee\/en\/wp-json\/wp\/v2\/types\/product"}],"replies":[{"embeddable":true,"href":"https:\/\/alunord.ee\/en\/wp-json\/wp\/v2\/comments?post=38186"}],"wp:attachment":[{"href":"https:\/\/alunord.ee\/en\/wp-json\/wp\/v2\/media?parent=38186"}],"wp:term":[{"taxonomy":"product_brand","embeddable":true,"href":"https:\/\/alunord.ee\/en\/wp-json\/wp\/v2\/product_brand?post=38186"},{"taxonomy":"product_cat","embeddable":true,"href":"https:\/\/alunord.ee\/en\/wp-json\/wp\/v2\/product_cat?post=38186"},{"taxonomy":"product_tag","embeddable":true,"href":"https:\/\/alunord.ee\/en\/wp-json\/wp\/v2\/product_tag?post=38186"}],"curies":[{"name":"wp","href":"https:\/\/api.w.org\/{rel}","templated":true}]}}