{"id":38185,"date":"2025-09-10T15:12:04","date_gmt":"2025-09-10T15:12:04","guid":{"rendered":"http:\/\/alunord.ee\/?post_type=product&#038;p=38185"},"modified":"2025-09-11T14:46:26","modified_gmt":"2025-09-11T14:46:26","slug":"genesis-75-ei30","status":"publish","type":"product","link":"https:\/\/alunord.ee\/en\/product\/genesis-75-ei30\/","title":{"rendered":"Genesis 75 EI30 \u2013 Tulekindel aknas\u00fcsteem"},"content":{"rendered":"<p><b>\u00dcldkirjeldus<\/b><\/p>\n<ul>\n<li style=\"font-weight: 400;\" aria-level=\"1\"><span style=\"font-weight: 400;\">Kolmekambriline aknas\u00fcsteem suurendatud soojusisolatsiooniga<\/span><\/li>\n<li style=\"font-weight: 400;\" aria-level=\"1\"><span style=\"font-weight: 400;\">Tulekindlusklassid: EI 30, EW30, E30 vastavalt EN 13501-2:2016-07<\/span>\n<ul>\n<li style=\"font-weight: 400;\" aria-level=\"2\"><span style=\"font-weight: 400;\">Tulekindlus m\u00f5lemast suunast: nii v\u00e4ljast sisse kui ka seest v\u00e4lja<\/span><\/li>\n<\/ul>\n<\/li>\n<li style=\"font-weight: 400;\" aria-level=\"1\"><span style=\"font-weight: 400;\">S\u00fcsteem p\u00f5hineb standardil Genesis 75<\/span><\/li>\n<li style=\"font-weight: 400;\" aria-level=\"1\"><span style=\"font-weight: 400;\">Paigalduss\u00fcgavus: 75 mm<\/span><\/li>\n<\/ul>\n<p>&nbsp;<\/p>\n<p><b>Avamist\u00fc\u00fcbid<\/b><\/p>\n<ul>\n<li style=\"font-weight: 400;\" aria-level=\"1\"><span style=\"font-weight: 400;\">P\u00f6\u00f6rdaken<\/span><\/li>\n<li style=\"font-weight: 400;\" aria-level=\"1\"><span style=\"font-weight: 400;\">Kallutatav aken<\/span><\/li>\n<li style=\"font-weight: 400;\" aria-level=\"1\"><span style=\"font-weight: 400;\">P\u00f6\u00f6rd- ja kallutatav aken<\/span><\/li>\n<\/ul>\n<p>&nbsp;<\/p>\n<p><b>Automaatika v\u00f5imalused<\/b><\/p>\n<ul>\n<li style=\"font-weight: 400;\" aria-level=\"1\"><span style=\"font-weight: 400;\">V\u00f5imalik kasutada:<\/span>\n<ul>\n<li style=\"font-weight: 400;\" aria-level=\"2\"><span style=\"font-weight: 400;\">Lukustuss\u00fcsteeme<\/span><\/li>\n<li style=\"font-weight: 400;\" aria-level=\"2\"><span style=\"font-weight: 400;\">Elektrilisi ajameid nagu AUM\u00dcLLER AUMATIC ja GEZE<\/span><\/li>\n<\/ul>\n<\/li>\n<\/ul>\n<p>&nbsp;<\/p>\n<p><b>Turvalisus ja sissemurdmiskindlus<\/b><\/p>\n<ul>\n<li style=\"font-weight: 400;\" aria-level=\"1\"><span style=\"font-weight: 400;\">V\u00f5imalik kasutada ROTO AL furnituuri<\/span><\/li>\n<li style=\"font-weight: 400;\" aria-level=\"1\"><span style=\"font-weight: 400;\">Sissemurdmiskindluse klass: RC2<\/span><\/li>\n<li style=\"font-weight: 400;\" aria-level=\"1\"><span style=\"font-weight: 400;\">Kandev\u00f5ime kuni 160 kg<\/span><\/li>\n<\/ul>\n<p>&nbsp;<\/p>\n<p><b>Klaasimine<\/b><\/p>\n<ul>\n<li style=\"font-weight: 400;\" aria-level=\"1\"><span style=\"font-weight: 400;\">Tulekindel klaas: ANTIFIRE 22 (tootja RETRE)<\/span><\/li>\n<li style=\"font-weight: 400;\" aria-level=\"1\"><span style=\"font-weight: 400;\">\u00dche- v\u00f5i kahekambrilised klaaspaketid<\/span>\n<ul>\n<li style=\"font-weight: 400;\" aria-level=\"2\"><span style=\"font-weight: 400;\">V\u00f5imalik kasutada ESG, VSG t\u00fc\u00fcpi klaase<\/span><\/li>\n<\/ul>\n<\/li>\n<\/ul>\n<p>&nbsp;<\/p>\n<p><b>Maksimaalsed konstruktsiooni m\u00f5\u00f5tmed<\/b><\/p>\n<ul>\n<li style=\"font-weight: 400;\" aria-level=\"1\"><span style=\"font-weight: 400;\">Laius x k\u00f5rgus: 1200 \u00d7 2150 mm<\/span><\/li>\n<\/ul>\n<p>&nbsp;<\/p>\n<p><b>Lisav\u00f5imalused<\/b><\/p>\n<ul>\n<li style=\"font-weight: 400;\" aria-level=\"1\"><span style=\"font-weight: 400;\">Lai valik erinevaid sektsioone ja profiile, mis kuuluvad Genesis 75 s\u00fcsteemi \u2013 sobivad kaasaegsete akende disainiks, millel on k\u00f5rge funktsionaalsus<\/span><\/li>\n<li style=\"font-weight: 400;\" aria-level=\"1\"><span style=\"font-weight: 400;\">Sobib kasutamiseks nii avalikes hoonetes kui ka eramutes<\/span><\/li>\n<\/ul>\n<p>&nbsp;<\/p>\n<p><b>Viimistlus ja v\u00e4rvivalik<\/b><\/p>\n<ul>\n<li style=\"font-weight: 400;\" aria-level=\"1\"><span style=\"font-weight: 400;\">RAL-v\u00e4rvikaart (Qualicoat 1518)<\/span><\/li>\n<li style=\"font-weight: 400;\" aria-level=\"1\"><span style=\"font-weight: 400;\">Struktuursed pinnaviimistlused<\/span><\/li>\n<li style=\"font-weight: 400;\" aria-level=\"1\"><span style=\"font-weight: 400;\">Puiduimitatsioon<\/span><\/li>\n<li style=\"font-weight: 400;\" aria-level=\"1\"><span style=\"font-weight: 400;\">Kiviimitatsioon (Qualideco PL-0001)<\/span><\/li>\n<li style=\"font-weight: 400;\" aria-level=\"1\"><span style=\"font-weight: 400;\">Anodeeritud viimistlus (Qualanod 1808)<\/span><\/li>\n<li style=\"font-weight: 400;\" aria-level=\"1\"><span style=\"font-weight: 400;\">Bi-colour \u2013 erinev toon sise- ja v\u00e4lisk\u00fcljel<\/span><\/li>\n<\/ul>","protected":false},"excerpt":{"rendered":"<p>\u00dcldkirjeldus Kolmekambriline aknas\u00fcsteem suurendatud soojusisolatsiooniga Tulekindlusklassid: EI 30, EW30, E30 vastavalt EN 13501-2:2016-07 Tulekindlus m\u00f5lemast suunast: nii v\u00e4ljast sisse kui ka seest v\u00e4lja S\u00fcsteem p\u00f5hineb standardil Genesis 75 Paigalduss\u00fcgavus: 75&hellip;<\/p>","protected":false},"featured_media":0,"comment_status":"open","ping_status":"closed","template":"","meta":[],"product_brand":[],"product_cat":[253],"product_tag":[],"class_list":{"0":"post-38185","1":"product","2":"type-product","3":"status-publish","5":"product_cat-tulekindlad-uksed-ja-aknad","7":"first","8":"instock","9":"shipping-taxable","10":"product-type-simple"},"_links":{"self":[{"href":"https:\/\/alunord.ee\/en\/wp-json\/wp\/v2\/product\/38185","targetHints":{"allow":["GET"]}}],"collection":[{"href":"https:\/\/alunord.ee\/en\/wp-json\/wp\/v2\/product"}],"about":[{"href":"https:\/\/alunord.ee\/en\/wp-json\/wp\/v2\/types\/product"}],"replies":[{"embeddable":true,"href":"https:\/\/alunord.ee\/en\/wp-json\/wp\/v2\/comments?post=38185"}],"wp:attachment":[{"href":"https:\/\/alunord.ee\/en\/wp-json\/wp\/v2\/media?parent=38185"}],"wp:term":[{"taxonomy":"product_brand","embeddable":true,"href":"https:\/\/alunord.ee\/en\/wp-json\/wp\/v2\/product_brand?post=38185"},{"taxonomy":"product_cat","embeddable":true,"href":"https:\/\/alunord.ee\/en\/wp-json\/wp\/v2\/product_cat?post=38185"},{"taxonomy":"product_tag","embeddable":true,"href":"https:\/\/alunord.ee\/en\/wp-json\/wp\/v2\/product_tag?post=38185"}],"curies":[{"name":"wp","href":"https:\/\/api.w.org\/{rel}","templated":true}]}}