{"id":38184,"date":"2025-09-10T15:11:51","date_gmt":"2025-09-10T15:11:51","guid":{"rendered":"http:\/\/alunord.ee\/?post_type=product&#038;p=38184"},"modified":"2025-09-11T14:49:28","modified_gmt":"2025-09-11T14:49:28","slug":"sun-protection","status":"publish","type":"product","link":"https:\/\/alunord.ee\/en\/product\/sun-protection\/","title":{"rendered":"Sun Protection &#8211; P\u00e4ikesekaitses\u00fcsteemid"},"content":{"rendered":"<p><b>\u00dcldkirjeldus<\/b><\/p>\n<p><span style=\"font-weight: 400;\">P\u00e4ikesekaitses\u00fcsteemid on fassaadile paigaldatavad alumiiniumist varjestus seadmed, mis tagavad soojus- ja visuaalse mugavuse ning esteetilise v\u00e4limuse. S\u00fcsteem sobib kasutamiseks post-tala klaasfassaadidel ja otse hoonefassaadil.<\/span><\/p>\n<p>&nbsp;<\/p>\n<p><b>Tehnilised omadused<\/b><\/p>\n<ul>\n<li style=\"font-weight: 400;\" aria-level=\"1\"><span style=\"font-weight: 400;\">Paigaldus:<\/span>\n<ul>\n<li style=\"font-weight: 400;\" aria-level=\"2\"><span style=\"font-weight: 400;\">Fassaadile v\u00f5i post-tala (mullion-transom) s\u00fcsteemile<\/span><\/li>\n<li style=\"font-weight: 400;\" aria-level=\"2\"><span style=\"font-weight: 400;\">Otse fassaadile \u2013 v\u00f5imalik nii horisontaal- kui ka vertikaalsuunas<\/span><\/li>\n<li style=\"font-weight: 400;\" aria-level=\"2\"><span style=\"font-weight: 400;\">Sobib ka nurgeliste fassaadide puhul, kus suund muutub<\/span><\/li>\n<\/ul>\n<\/li>\n<li style=\"font-weight: 400;\" aria-level=\"1\"><span style=\"font-weight: 400;\">Saadaval labade m\u00f5\u00f5dud: 100, 150, 158, 200, 250, 270, 300 ja 350 mm<\/span><\/li>\n<li style=\"font-weight: 400;\" aria-level=\"1\"><span style=\"font-weight: 400;\">Kinnitused (fikseeritud kronsteinid): Kaldenurgad: 0\u00b0, 14\u00b0, 15\u00b0, 30\u00b0, 45\u00b0, 60\u00b0, 75\u00b0<\/span><\/li>\n<li style=\"font-weight: 400;\" aria-level=\"1\"><span style=\"font-weight: 400;\">K\u00f5ik elemendid on valmistatud k\u00f5rge tugevusega alumiiniumist \u2013 ilmastikukindlad ja vastupidavad<\/span><\/li>\n<\/ul>\n<p>&nbsp;<\/p>\n<p><b>Disaini- ja kasutusv\u00f5imalused<\/b><\/p>\n<ul>\n<li style=\"font-weight: 400;\" aria-level=\"1\"><span style=\"font-weight: 400;\">Muudavad fassaadi v\u00e4limust ja iseloomu, andes sellele kaasaegse ja d\u00fcnaamilise ilme<\/span><\/li>\n<li style=\"font-weight: 400;\" aria-level=\"1\"><span style=\"font-weight: 400;\">Pakuvad esteetikat, funktsionaalsust, termilist kaitset ja visuaalset mugavust<\/span><\/li>\n<li style=\"font-weight: 400;\" aria-level=\"1\"><span style=\"font-weight: 400;\">Sobivad ideaalselt kaasaegse arhitektuuri lahendustesse<\/span><\/li>\n<\/ul>\n<p>&nbsp;<\/p>\n<p><b>Viimistlus ja v\u00e4rvivalik<\/b><\/p>\n<ul>\n<li style=\"font-weight: 400;\" aria-level=\"1\"><span style=\"font-weight: 400;\">RAL-v\u00e4rvipalett (Qualicoat 1518)<\/span><\/li>\n<li style=\"font-weight: 400;\" aria-level=\"1\"><span style=\"font-weight: 400;\">Struktuursed pinnad<\/span><\/li>\n<li style=\"font-weight: 400;\" aria-level=\"1\"><span style=\"font-weight: 400;\">Puiduimitatsioon<\/span><\/li>\n<li style=\"font-weight: 400;\" aria-level=\"1\"><span style=\"font-weight: 400;\">Kiviimitatsioon (Qualideco PL-0001)<\/span><\/li>\n<li style=\"font-weight: 400;\" aria-level=\"1\"><span style=\"font-weight: 400;\">Anodeeritud viimistlus (Qualanod 1808)<\/span><\/li>\n<li style=\"font-weight: 400;\" aria-level=\"1\"><span style=\"font-weight: 400;\">Bi-colour \u2013 erinevad toonid sise- ja v\u00e4lisk\u00fcljel<\/span><\/li>\n<\/ul>","protected":false},"excerpt":{"rendered":"<p>\u00dcldkirjeldus P\u00e4ikesekaitses\u00fcsteemid on fassaadile paigaldatavad alumiiniumist varjestus seadmed, mis tagavad soojus- ja visuaalse mugavuse ning esteetilise v\u00e4limuse. S\u00fcsteem sobib kasutamiseks post-tala klaasfassaadidel ja otse hoonefassaadil. &nbsp; Tehnilised omadused Paigaldus: Fassaadile&hellip;<\/p>","protected":false},"featured_media":0,"comment_status":"open","ping_status":"closed","template":"","meta":[],"product_brand":[],"product_cat":[252],"product_tag":[],"class_list":{"0":"post-38184","1":"product","2":"type-product","3":"status-publish","5":"product_cat-klaasfassaadid","7":"first","8":"instock","9":"shipping-taxable","10":"product-type-simple"},"_links":{"self":[{"href":"https:\/\/alunord.ee\/en\/wp-json\/wp\/v2\/product\/38184","targetHints":{"allow":["GET"]}}],"collection":[{"href":"https:\/\/alunord.ee\/en\/wp-json\/wp\/v2\/product"}],"about":[{"href":"https:\/\/alunord.ee\/en\/wp-json\/wp\/v2\/types\/product"}],"replies":[{"embeddable":true,"href":"https:\/\/alunord.ee\/en\/wp-json\/wp\/v2\/comments?post=38184"}],"wp:attachment":[{"href":"https:\/\/alunord.ee\/en\/wp-json\/wp\/v2\/media?parent=38184"}],"wp:term":[{"taxonomy":"product_brand","embeddable":true,"href":"https:\/\/alunord.ee\/en\/wp-json\/wp\/v2\/product_brand?post=38184"},{"taxonomy":"product_cat","embeddable":true,"href":"https:\/\/alunord.ee\/en\/wp-json\/wp\/v2\/product_cat?post=38184"},{"taxonomy":"product_tag","embeddable":true,"href":"https:\/\/alunord.ee\/en\/wp-json\/wp\/v2\/product_tag?post=38184"}],"curies":[{"name":"wp","href":"https:\/\/api.w.org\/{rel}","templated":true}]}}