{"id":38183,"date":"2025-09-10T15:11:42","date_gmt":"2025-09-10T15:11:42","guid":{"rendered":"http:\/\/alunord.ee\/?post_type=product&#038;p=38183"},"modified":"2025-09-11T14:49:33","modified_gmt":"2025-09-11T14:49:33","slug":"mc-glass","status":"publish","type":"product","link":"https:\/\/alunord.ee\/en\/product\/mc-glass\/","title":{"rendered":"MC Glass \u2013 Poolstruktuurne klaasfassaadis\u00fcsteem"},"content":{"rendered":"<p><b>Kirjeldus<\/b><\/p>\n<p><span style=\"font-weight: 400;\">MC Glass on poolstruktuurne kardinseinas\u00fcsteem, mis v\u00f5imaldab luua t\u00e4ielikult klaaspinnaga v\u00e4lisilme, kus alumiiniumprofiilid j\u00e4\u00e4vad peidetuks. See loob modernse ja esteetiliselt puhta klaasfassaadi.<\/span><\/p>\n<p>&nbsp;<\/p>\n<p><b>Konstruktsioonilised omadused<\/b><\/p>\n<ul>\n<li style=\"font-weight: 400;\" aria-level=\"1\"><span style=\"font-weight: 400;\">Post-roovi n\u00e4htav laius (seestpoolt): 55 mm<\/span><\/li>\n<li style=\"font-weight: 400;\" aria-level=\"1\"><span style=\"font-weight: 400;\">V\u00e4ljastpoolt n\u00e4htavad ainult klaaspinnad, mille vahel on struktuursilikoonist vuugid<\/span><\/li>\n<li style=\"font-weight: 400;\" aria-level=\"1\"><span style=\"font-weight: 400;\">Klaaspakettides on spetsiaalsed taskud ja sooned, kuhu paigaldatakse kinnitusplaadid, mis \u00fchendavad klaaspinnad kardinseina karkassiga<\/span><\/li>\n<li style=\"font-weight: 400;\" aria-level=\"1\"><span style=\"font-weight: 400;\">V\u00f5imalik luua horisontaalse v\u00f5i vertikaalse joone efekt visuaalsel v\u00e4lisilmel<\/span><\/li>\n<\/ul>\n<p>&nbsp;<\/p>\n<p><b>Soojusisolatsioon:<\/b><\/p>\n<ul>\n<li style=\"font-weight: 400;\" aria-level=\"1\"><span style=\"font-weight: 400;\">Soojajuhtivustegur Uf alates: 0,66 W\/m\u00b2K<\/span><\/li>\n<li style=\"font-weight: 400;\" aria-level=\"1\"><span style=\"font-weight: 400;\">V\u00e4ga hea soojapidavus saavutatakse t\u00e4nu innovatiivsete isolatsioonimaterjalide kasutamisele<\/span><\/li>\n<\/ul>\n<p>&nbsp;<\/p>\n<p><b>Disaini v\u00f5imalused:<\/b><\/p>\n<ul>\n<li style=\"font-weight: 400;\" aria-level=\"1\"><span style=\"font-weight: 400;\">Lai valik poste ja roove, mis sobivad erinevate staatika n\u00f5uetega<\/span><\/li>\n<li style=\"font-weight: 400;\" aria-level=\"1\"><span style=\"font-weight: 400;\">Dekoratiivkatete lai valik v\u00f5imaldab luua individuaalse ja kaasaegse fassaadikujunduse<\/span><\/li>\n<\/ul>\n<p>&nbsp;<\/p>\n<p><b>V\u00e4rviviimistlus:<\/b><\/p>\n<ul>\n<li style=\"font-weight: 400;\" aria-level=\"1\"><span style=\"font-weight: 400;\">RAL-v\u00e4rvipalett (Qualicoat 1518)<\/span><\/li>\n<li style=\"font-weight: 400;\" aria-level=\"1\"><span style=\"font-weight: 400;\">Struktuurv\u00e4rvid<\/span><\/li>\n<li style=\"font-weight: 400;\" aria-level=\"1\"><span style=\"font-weight: 400;\">Puiduimitatsioon<\/span><\/li>\n<li style=\"font-weight: 400;\" aria-level=\"1\"><span style=\"font-weight: 400;\">Kiviimitatsioon (Qualideco PL-0001)<\/span><\/li>\n<li style=\"font-weight: 400;\" aria-level=\"1\"><span style=\"font-weight: 400;\">Anodeeritud viimistlus (Qualanod 1808)<\/span><\/li>\n<li style=\"font-weight: 400;\" aria-level=\"1\"><span style=\"font-weight: 400;\">Bi-colour \u2013 erinev v\u00e4rv fassaadi sise- ja v\u00e4lisk\u00fcljel<\/span><\/li>\n<\/ul>","protected":false},"excerpt":{"rendered":"<p>Kirjeldus MC Glass on poolstruktuurne kardinseinas\u00fcsteem, mis v\u00f5imaldab luua t\u00e4ielikult klaaspinnaga v\u00e4lisilme, kus alumiiniumprofiilid j\u00e4\u00e4vad peidetuks. See loob modernse ja esteetiliselt puhta klaasfassaadi. &nbsp; Konstruktsioonilised omadused Post-roovi n\u00e4htav laius (seestpoolt):&hellip;<\/p>","protected":false},"featured_media":0,"comment_status":"open","ping_status":"closed","template":"","meta":[],"product_brand":[],"product_cat":[252],"product_tag":[],"class_list":{"0":"post-38183","1":"product","2":"type-product","3":"status-publish","5":"product_cat-klaasfassaadid","7":"first","8":"instock","9":"shipping-taxable","10":"product-type-simple"},"_links":{"self":[{"href":"https:\/\/alunord.ee\/en\/wp-json\/wp\/v2\/product\/38183","targetHints":{"allow":["GET"]}}],"collection":[{"href":"https:\/\/alunord.ee\/en\/wp-json\/wp\/v2\/product"}],"about":[{"href":"https:\/\/alunord.ee\/en\/wp-json\/wp\/v2\/types\/product"}],"replies":[{"embeddable":true,"href":"https:\/\/alunord.ee\/en\/wp-json\/wp\/v2\/comments?post=38183"}],"wp:attachment":[{"href":"https:\/\/alunord.ee\/en\/wp-json\/wp\/v2\/media?parent=38183"}],"wp:term":[{"taxonomy":"product_brand","embeddable":true,"href":"https:\/\/alunord.ee\/en\/wp-json\/wp\/v2\/product_brand?post=38183"},{"taxonomy":"product_cat","embeddable":true,"href":"https:\/\/alunord.ee\/en\/wp-json\/wp\/v2\/product_cat?post=38183"},{"taxonomy":"product_tag","embeddable":true,"href":"https:\/\/alunord.ee\/en\/wp-json\/wp\/v2\/product_tag?post=38183"}],"curies":[{"name":"wp","href":"https:\/\/api.w.org\/{rel}","templated":true}]}}