{"id":38182,"date":"2025-09-10T15:11:27","date_gmt":"2025-09-10T15:11:27","guid":{"rendered":"http:\/\/alunord.ee\/?post_type=product&#038;p=38182"},"modified":"2025-09-11T14:49:40","modified_gmt":"2025-09-11T14:49:40","slug":"mc-passive","status":"publish","type":"product","link":"https:\/\/alunord.ee\/en\/product\/mc-passive\/","title":{"rendered":"MC Passive+ \u2013 K\u00f5rge soojusisolatsiooniga kardinsein"},"content":{"rendered":"<p><b>Kirjeldus<\/b><\/p>\n<p><span style=\"font-weight: 400;\">MC Passive+ on post-roov-t\u00fc\u00fcpi alumiiniumprofiilide s\u00fcsteem, mis on loodud t\u00e4nap\u00e4evaste fassaadide (kardinseinte) ehitamiseks. S\u00fcsteem v\u00f5imaldab luua nii lihtsaid kui ka keerukaid kujundusi ning tagab erakordselt hea soojusisolatsiooni. Tugineb MC Wall s\u00fcsteemile ja sobib kasutamiseks energiat\u00f5husates ja passiivhoonetes.<\/span><\/p>\n<p>&nbsp;<\/p>\n<p><b>Tehnilised omadused:<\/b><\/p>\n<ul>\n<li style=\"font-weight: 400;\" aria-level=\"1\"><span style=\"font-weight: 400;\">Post-roovi n\u00e4htav laius: 55 mm<\/span><\/li>\n<li style=\"font-weight: 400;\" aria-level=\"1\"><span style=\"font-weight: 400;\">Soojajuhtivustegur Uf alates: 0,61 W\/m\u00b2K<\/span><\/li>\n<li style=\"font-weight: 400;\" aria-level=\"1\"><span style=\"font-weight: 400;\">K\u00f5rgeima taseme tehnilised n\u00e4itajad alumiiniumfassaadis\u00fcsteemide seas<\/span><\/li>\n<li style=\"font-weight: 400;\" aria-level=\"1\"><span style=\"font-weight: 400;\">Uuenduslik soojusisolaator, mis parandab soojapidavust<\/span><\/li>\n<\/ul>\n<p>&nbsp;<\/p>\n<p><b>Konstruktsioonilised v\u00f5imalused<\/b><\/p>\n<ul>\n<li style=\"font-weight: 400;\" aria-level=\"1\"><span style=\"font-weight: 400;\">Lai valik poste ja roove, mis vastavad erinevatele staatika n\u00f5uetele<\/span><\/li>\n<li style=\"font-weight: 400;\" aria-level=\"1\"><span style=\"font-weight: 400;\">V\u00f5imalik painutada profiile (uuri meilt l\u00e4hemaltl)<\/span><\/li>\n<li style=\"font-weight: 400;\" aria-level=\"1\"><span style=\"font-weight: 400;\">V\u00f5imalik kasutada erinevaid dekoratiivseid kattelatte, mis v\u00f5imaldavad mitmekesiseid visuaalseid lahendusi<\/span><\/li>\n<\/ul>\n<p>&nbsp;<\/p>\n<p><b>Disain ja esteetika<\/b><\/p>\n<ul>\n<li style=\"font-weight: 400;\" aria-level=\"1\"><span style=\"font-weight: 400;\">Mitmekesine valik dekoratiivseid katteprofiile, et saavutada erinevaid arhitektuurseid efekte<\/span><\/li>\n<li style=\"font-weight: 400;\" aria-level=\"1\"><span style=\"font-weight: 400;\">Sobib kaasaegse, energiat\u00f5husa arhitektuuri n\u00f5uetele<\/span><\/li>\n<\/ul>\n<p>&nbsp;<\/p>\n<p><b>V\u00e4rviviimistlus<\/b><\/p>\n<ul>\n<li style=\"font-weight: 400;\" aria-level=\"1\"><span style=\"font-weight: 400;\">RAL-v\u00e4rvipalett (Qualicoat 1518)<\/span><\/li>\n<li style=\"font-weight: 400;\" aria-level=\"1\"><span style=\"font-weight: 400;\">Struktuurv\u00e4rvid<\/span><\/li>\n<li style=\"font-weight: 400;\" aria-level=\"1\"><span style=\"font-weight: 400;\">Puidumustriga viimistlus<\/span><\/li>\n<li style=\"font-weight: 400;\" aria-level=\"1\"><span style=\"font-weight: 400;\">Kiviefekti imitatsioon (Qualideco PL-0001)<\/span><\/li>\n<li style=\"font-weight: 400;\" aria-level=\"1\"><span style=\"font-weight: 400;\">Anodeeritud viimistlus (Qualanod 1808)<\/span><\/li>\n<li style=\"font-weight: 400;\" aria-level=\"1\"><span style=\"font-weight: 400;\">Bi-colour \u2013 kahev\u00e4rviline lahendus (nt. erinev v\u00e4rv sise- ja v\u00e4lisk\u00fcljel)<\/span><\/li>\n<\/ul>\n<p>&nbsp;<\/p>","protected":false},"excerpt":{"rendered":"<p>Kirjeldus MC Passive+ on post-roov-t\u00fc\u00fcpi alumiiniumprofiilide s\u00fcsteem, mis on loodud t\u00e4nap\u00e4evaste fassaadide (kardinseinte) ehitamiseks. S\u00fcsteem v\u00f5imaldab luua nii lihtsaid kui ka keerukaid kujundusi ning tagab erakordselt hea soojusisolatsiooni. Tugineb MC&hellip;<\/p>","protected":false},"featured_media":0,"comment_status":"open","ping_status":"closed","template":"","meta":[],"product_brand":[],"product_cat":[252],"product_tag":[],"class_list":{"0":"post-38182","1":"product","2":"type-product","3":"status-publish","5":"product_cat-klaasfassaadid","7":"first","8":"instock","9":"shipping-taxable","10":"product-type-simple"},"_links":{"self":[{"href":"https:\/\/alunord.ee\/en\/wp-json\/wp\/v2\/product\/38182","targetHints":{"allow":["GET"]}}],"collection":[{"href":"https:\/\/alunord.ee\/en\/wp-json\/wp\/v2\/product"}],"about":[{"href":"https:\/\/alunord.ee\/en\/wp-json\/wp\/v2\/types\/product"}],"replies":[{"embeddable":true,"href":"https:\/\/alunord.ee\/en\/wp-json\/wp\/v2\/comments?post=38182"}],"wp:attachment":[{"href":"https:\/\/alunord.ee\/en\/wp-json\/wp\/v2\/media?parent=38182"}],"wp:term":[{"taxonomy":"product_brand","embeddable":true,"href":"https:\/\/alunord.ee\/en\/wp-json\/wp\/v2\/product_brand?post=38182"},{"taxonomy":"product_cat","embeddable":true,"href":"https:\/\/alunord.ee\/en\/wp-json\/wp\/v2\/product_cat?post=38182"},{"taxonomy":"product_tag","embeddable":true,"href":"https:\/\/alunord.ee\/en\/wp-json\/wp\/v2\/product_tag?post=38182"}],"curies":[{"name":"wp","href":"https:\/\/api.w.org\/{rel}","templated":true}]}}