{"id":38179,"date":"2025-09-10T15:10:57","date_gmt":"2025-09-10T15:10:57","guid":{"rendered":"http:\/\/alunord.ee\/?post_type=product&#038;p=38179"},"modified":"2025-09-15T15:48:19","modified_gmt":"2025-09-15T15:48:19","slug":"superial-i","status":"publish","type":"product","link":"https:\/\/alunord.ee\/en\/product\/superial-i\/","title":{"rendered":"Superial i+ \u2013 aluminum system with high thermal insulation"},"content":{"rendered":"<p><b>Kasutusvaldkonnad<\/b><\/p>\n<ul>\n<li style=\"font-weight: 400;\" aria-level=\"1\"><span style=\"font-weight: 400;\">Akende, uste ja vitriinide projekteerimine<\/span><\/li>\n<li style=\"font-weight: 400;\" aria-level=\"1\"><span style=\"font-weight: 400;\">Sobib nii elu- kui ka avalikesse hoonetesse<\/span><\/li>\n<li style=\"font-weight: 400;\" aria-level=\"1\"><span style=\"font-weight: 400;\">V\u00f5imalus paigaldada fassaadis\u00fcsteemidesse<\/span><\/li>\n<\/ul>\n<p>&nbsp;<\/p>\n<p><span style=\"font-weight: 400;\">Soojusisolatsioon<\/span><\/p>\n<ul>\n<li style=\"font-weight: 400;\" aria-level=\"1\"><b>Spetsiaalsed soojuslisandid<\/b><span style=\"font-weight: 400;\"> paigaldatakse:<\/span>\n<ul>\n<li style=\"font-weight: 400;\" aria-level=\"2\"><span style=\"font-weight: 400;\">Soojust\u00f5kete vahele<\/span><\/li>\n<li style=\"font-weight: 400;\" aria-level=\"2\"><span style=\"font-weight: 400;\">Klaaspaketi \u00fcmber<\/span><\/li>\n<\/ul>\n<\/li>\n<\/ul>\n<p>&nbsp;<\/p>\n<ul>\n<li style=\"font-weight: 400;\" aria-level=\"1\"><span style=\"font-weight: 400;\">Parandab profiili soojusisolatsiooni kuni 0,2\u20130,4 W\/m\u00b2K<\/span><\/li>\n<li style=\"font-weight: 400;\" aria-level=\"1\"><span style=\"font-weight: 400;\">Konstruktsioonitihedus tagatud ACRS461 tihendiga<\/span><\/li>\n<li style=\"font-weight: 400;\" aria-level=\"1\"><span style=\"font-weight: 400;\">Sobib madala energiatarbega v\u00f5i renoveeritavatesse hoonetesse<\/span><\/li>\n<\/ul>\n<p>&nbsp;<\/p>\n<p><span style=\"font-weight: 400;\">Tehnilised omadused<\/span><\/p>\n<ul>\n<li style=\"font-weight: 400;\" aria-level=\"1\"><span style=\"font-weight: 400;\">Lai profiilivalik tagab struktuuritugevuse ja soovitud esteetika<\/span><\/li>\n<li style=\"font-weight: 400;\" aria-level=\"1\"><span style=\"font-weight: 400;\">V\u00f5imalik profiilide painutamine (uuri meilt l\u00e4hemalt)<\/span><\/li>\n<li style=\"font-weight: 400;\" aria-level=\"1\"><span style=\"font-weight: 400;\">Klaasiliistud: ristk\u00fclikukujulised ja \u00fcmarad<\/span><\/li>\n<li style=\"font-weight: 400;\" aria-level=\"1\"><span style=\"font-weight: 400;\">Drenaa\u017e: valikus traditsiooniline v\u00f5i peidetud versioon<\/span><\/li>\n<li style=\"font-weight: 400;\" aria-level=\"1\"><span style=\"font-weight: 400;\">Furnituuri sobivus:<\/span>\n<ul>\n<li style=\"font-weight: 400;\" aria-level=\"2\"><span style=\"font-weight: 400;\">Erinevad perifeerse furnituuri t\u00fc\u00fcbid<\/span><\/li>\n<li style=\"font-weight: 400;\" aria-level=\"2\"><span style=\"font-weight: 400;\">Sobib peidetud hingedega ja PVC furnituuriga<\/span><\/li>\n<\/ul>\n<\/li>\n<\/ul>\n<ul>\n<li style=\"font-weight: 400;\" aria-level=\"1\"><span style=\"font-weight: 400;\">V\u00f5imalik kasutada madalat l\u00e4vepakku r\u00f5duustel (\u00fche- ja kahepoolsel kujul)<\/span><\/li>\n<\/ul>\n<p>&nbsp;<\/p>\n<p><b>Klaasimisv\u00f5imalused<\/b><\/p>\n<ul>\n<li style=\"font-weight: 400;\" aria-level=\"1\"><span style=\"font-weight: 400;\">\u00dchekordsed ja kahekordsed klaaspaketid<\/span><\/li>\n<li style=\"font-weight: 400;\" aria-level=\"1\"><span style=\"font-weight: 400;\">Helikindlad ja sissemurdmiskindlad klaasid<\/span><\/li>\n<li style=\"font-weight: 400;\" aria-level=\"1\"><span style=\"font-weight: 400;\">Klaasimine seestpoolt<\/span><\/li>\n<li style=\"font-weight: 400;\" aria-level=\"1\"><span style=\"font-weight: 400;\">V\u00e4hendatud liistude ja tihendite arv (s\u00e4ilib klaasimise j\u00e4rjepidevus s\u00f5ltuvalt klaasipaketi paksusest)<\/span><\/li>\n<\/ul>\n<p>&nbsp;<\/p>\n<p><b>Disaini- ja lisav\u00f5imalused<\/b><\/p>\n<ul>\n<li style=\"font-weight: 400;\" aria-level=\"1\"><span style=\"font-weight: 400;\">V\u00f5imalik disainida mitmekesiseid ja kaasaegseid aknalahendusi<\/span><\/li>\n<li style=\"font-weight: 400;\" aria-level=\"1\"><span style=\"font-weight: 400;\">Integreeritav Flyscreen ja Insect System<\/span><\/li>\n<li style=\"font-weight: 400;\" aria-level=\"1\"><span style=\"font-weight: 400;\">P\u00f5hineb Superial baass\u00fcsteemil \u2013 usaldusv\u00e4\u00e4rne ja laialdaselt kasutusel<\/span><\/li>\n<\/ul>\n<p>&nbsp;<\/p>\n<p><b>Viimistlusvalikud<\/b><\/p>\n<ul>\n<li style=\"font-weight: 400;\" aria-level=\"1\"><span style=\"font-weight: 400;\">RAL v\u00e4rvikaart (Qualicoat 1518)<\/span><\/li>\n<li style=\"font-weight: 400;\" aria-level=\"1\"><span style=\"font-weight: 400;\">Struktuurv\u00e4rvid<\/span><\/li>\n<li style=\"font-weight: 400;\" aria-level=\"1\"><span style=\"font-weight: 400;\">Puiduimitatsioon\u00a0<\/span><\/li>\n<li style=\"font-weight: 400;\" aria-level=\"1\"><span style=\"font-weight: 400;\">Kiviimitatsioon\u00a0<\/span><\/li>\n<li style=\"font-weight: 400;\" aria-level=\"1\"><span style=\"font-weight: 400;\">Anodeeritud toonid (Qualanod 1808)<\/span><\/li>\n<li style=\"font-weight: 400;\" aria-level=\"1\"><span style=\"font-weight: 400;\">Kahev\u00e4rviline viimistlus<\/span><\/li>\n<\/ul>\n<p>&nbsp;<\/p>","protected":false},"excerpt":{"rendered":"<p>Kasutusvaldkonnad Akende, uste ja vitriinide projekteerimine Sobib nii elu- kui ka avalikesse hoonetesse V\u00f5imalus paigaldada fassaadis\u00fcsteemidesse &nbsp; Soojusisolatsioon Spetsiaalsed soojuslisandid paigaldatakse: Soojust\u00f5kete vahele Klaaspaketi \u00fcmber &nbsp; Parandab profiili soojusisolatsiooni kuni&hellip;<\/p>","protected":false},"featured_media":38332,"comment_status":"open","ping_status":"closed","template":"","meta":[],"product_brand":[],"product_cat":[251],"product_tag":[],"class_list":{"0":"post-38179","1":"product","2":"type-product","3":"status-publish","4":"has-post-thumbnail","6":"product_cat-aknad","8":"first","9":"instock","10":"shipping-taxable","11":"product-type-simple"},"_links":{"self":[{"href":"https:\/\/alunord.ee\/en\/wp-json\/wp\/v2\/product\/38179","targetHints":{"allow":["GET"]}}],"collection":[{"href":"https:\/\/alunord.ee\/en\/wp-json\/wp\/v2\/product"}],"about":[{"href":"https:\/\/alunord.ee\/en\/wp-json\/wp\/v2\/types\/product"}],"replies":[{"embeddable":true,"href":"https:\/\/alunord.ee\/en\/wp-json\/wp\/v2\/comments?post=38179"}],"wp:featuredmedia":[{"embeddable":true,"href":"https:\/\/alunord.ee\/en\/wp-json\/wp\/v2\/media\/38332"}],"wp:attachment":[{"href":"https:\/\/alunord.ee\/en\/wp-json\/wp\/v2\/media?parent=38179"}],"wp:term":[{"taxonomy":"product_brand","embeddable":true,"href":"https:\/\/alunord.ee\/en\/wp-json\/wp\/v2\/product_brand?post=38179"},{"taxonomy":"product_cat","embeddable":true,"href":"https:\/\/alunord.ee\/en\/wp-json\/wp\/v2\/product_cat?post=38179"},{"taxonomy":"product_tag","embeddable":true,"href":"https:\/\/alunord.ee\/en\/wp-json\/wp\/v2\/product_tag?post=38179"}],"curies":[{"name":"wp","href":"https:\/\/api.w.org\/{rel}","templated":true}]}}