{"id":38177,"date":"2025-09-10T15:10:42","date_gmt":"2025-09-10T15:10:42","guid":{"rendered":"http:\/\/alunord.ee\/?post_type=product&#038;p=38177"},"modified":"2025-09-15T15:48:02","modified_gmt":"2025-09-15T15:48:02","slug":"genesis-75-2","status":"publish","type":"product","link":"https:\/\/alunord.ee\/en\/product\/genesis-75-2\/","title":{"rendered":"Genesis 75 \u2013 A modern aluminum system for windows and doors with very good thermal insulation"},"content":{"rendered":"<p><span style=\"font-weight: 400;\">Genesis 75 on uusima p\u00f5lvkonna alumiinium profiilis\u00fcsteem, mis on loodud akende ja uste valmistamiseks k\u00f5rge soojusisolatsiooni vajadusega hoonetes. S\u00fcsteem p\u00f5hineb 75 mm s\u00fcgavustel profiilidel ning vastab nii esteetilistele kui ka funktsionaalsetele n\u00f5udmistele.<\/span><\/p>\n<p>&nbsp;<\/p>\n<p><b>Kasutusvaldkonnad<\/b><\/p>\n<ul>\n<li style=\"font-weight: 400;\" aria-level=\"1\"><span style=\"font-weight: 400;\">Avaliku ligip\u00e4\u00e4suga hooned (b\u00fcroohooned, asutused, kauplused)<\/span><\/li>\n<li style=\"font-weight: 400;\" aria-level=\"1\"><span style=\"font-weight: 400;\">\u00dchepereelamud ja korterelamud<\/span><\/li>\n<li style=\"font-weight: 400;\" aria-level=\"1\"><span style=\"font-weight: 400;\">Sobib nii uusehituseks kui ka renoveerimiseks<\/span><\/li>\n<\/ul>\n<p>&nbsp;<\/p>\n<p><b>Peamised eelised ja omadused<\/b><\/p>\n<ul>\n<li style=\"font-weight: 400;\" aria-level=\"1\"><span style=\"font-weight: 400;\">Soojusisolatsioon ja tihendus<\/span><\/li>\n<li style=\"font-weight: 400;\" aria-level=\"1\"><span style=\"font-weight: 400;\">Kaasaegsed isolatsioonimaterjalid, mis on hiljuti turule toodud<\/span><\/li>\n<li style=\"font-weight: 400;\" aria-level=\"1\"><span style=\"font-weight: 400;\">Tavalise kesktihendi k\u00f5rval ka t\u00e4iendav soojusisolatsiooni tihend, mis tagab v\u00e4ga hea:<\/span>\n<ul>\n<li style=\"font-weight: 400;\" aria-level=\"2\"><span style=\"font-weight: 400;\">\u00d5hupidavuse<\/span><\/li>\n<li style=\"font-weight: 400;\" aria-level=\"2\"><span style=\"font-weight: 400;\">Veetiheduse<\/span><\/li>\n<\/ul>\n<\/li>\n<\/ul>\n<ul>\n<li style=\"font-weight: 400;\" aria-level=\"1\"><span style=\"font-weight: 400;\">Vastab k\u00f5rgeimatele soojusisolatsiooni standarditele<\/span><\/li>\n<\/ul>\n<p>&nbsp;<\/p>\n<p><b>Mitmekesine profiilivalik<\/b><\/p>\n<ul>\n<li style=\"font-weight: 400;\" aria-level=\"1\"><span style=\"font-weight: 400;\">Lai valik raam-, tiiva- ja postiprofiile kaasaegsete akende, uste ja vitriinide loomiseks<\/span><\/li>\n<li style=\"font-weight: 400;\" aria-level=\"1\"><span style=\"font-weight: 400;\">V\u00f5imalus kasutada renoveerimisprofiile \u2013 kohandatud lahendused olemasolevatele hoonetele<\/span><\/li>\n<li style=\"font-weight: 400;\" aria-level=\"1\"><span style=\"font-weight: 400;\">Klaas-klaas nurk\u00fchendus (90\u00b0) \u2013 v\u00f5imaldab luua muljetavaldavaid klaaspindu<\/span><\/li>\n<\/ul>\n<p>&nbsp;<\/p>\n<p><b>Esteetika ja ergonoomika<\/b><\/p>\n<ul>\n<li style=\"font-weight: 400;\" aria-level=\"1\"><span style=\"font-weight: 400;\">Uuenduslik disain ja profiiliesteetika<\/span><\/li>\n<li style=\"font-weight: 400;\" aria-level=\"1\"><span style=\"font-weight: 400;\">Ergonoomiline kasutusmugavus<\/span><\/li>\n<li style=\"font-weight: 400;\" aria-level=\"1\"><span style=\"font-weight: 400;\">V\u00f5imalus kohandada profiilide v\u00e4limust vastavalt arhitektuursetele n\u00f5uetele<\/span><\/li>\n<\/ul>\n<p>&nbsp;<\/p>\n<p><b>Lai funktsionaalsus<\/b><\/p>\n<ul>\n<li style=\"font-weight: 400;\" aria-level=\"1\"><span style=\"font-weight: 400;\">V\u00f5imalik kasutada paneeluksi sama s\u00fcsteemi raames<\/span><\/li>\n<li style=\"font-weight: 400;\" aria-level=\"1\"><span style=\"font-weight: 400;\">Erinevad avamiss\u00fcsteemid:<\/span>\n<ul>\n<li style=\"font-weight: 400;\" aria-level=\"2\"><span style=\"font-weight: 400;\">Genesis OUT \u2013 v\u00e4ljapoole avanevad aknad<\/span><\/li>\n<li style=\"font-weight: 400;\" aria-level=\"2\"><span style=\"font-weight: 400;\">Genesis SU \u2013 varjatud tiivaga aknad<\/span><\/li>\n<\/ul>\n<\/li>\n<\/ul>\n<ul>\n<li style=\"font-weight: 400;\" aria-level=\"1\"><span style=\"font-weight: 400;\">Putukav\u00f5rkude ja Flyscreen s\u00fcsteemide integreerimise v\u00f5imalus<\/span><\/li>\n<\/ul>\n<p>&nbsp;<\/p>\n<p><b>Viimistlusv\u00f5imalused<\/b><\/p>\n<p><span style=\"font-weight: 400;\">Genesis 75 s\u00fcsteem v\u00f5imaldab mitmekesist ja kvaliteetset viimistlust:<\/span><\/p>\n<ul>\n<li style=\"font-weight: 400;\" aria-level=\"1\"><span style=\"font-weight: 400;\">RAL-v\u00e4rvitoonid (Qualicoat 1518)<\/span><\/li>\n<li style=\"font-weight: 400;\" aria-level=\"1\"><span style=\"font-weight: 400;\">Struktuurv\u00e4rvid<\/span><\/li>\n<li style=\"font-weight: 400;\" aria-level=\"1\"><span style=\"font-weight: 400;\">Puiduimitatsioon<\/span><\/li>\n<li style=\"font-weight: 400;\" aria-level=\"1\"><span style=\"font-weight: 400;\">Kiviimitatsioon (Qualideco PL \u2013 0001)<\/span><\/li>\n<li style=\"font-weight: 400;\" aria-level=\"1\"><span style=\"font-weight: 400;\">Kahev\u00e4rvilised profiilid<\/span><\/li>\n<li style=\"font-weight: 400;\" aria-level=\"1\"><span style=\"font-weight: 400;\">Anodeeritud pinnad (Qualanod 1808)<\/span><\/li>\n<\/ul>\n<p>&nbsp;<\/p>\n<p><span style=\"font-weight: 400;\">Genesis 75 \u2013 tehnoloogia, esteetika ja energiat\u00f5husus \u00fches terviklikus lahenduses.<\/span><\/p>\n<p>&nbsp;<\/p>","protected":false},"excerpt":{"rendered":"<p>Genesis 75 on uusima p\u00f5lvkonna alumiinium profiilis\u00fcsteem, mis on loodud akende ja uste valmistamiseks k\u00f5rge soojusisolatsiooni vajadusega hoonetes. S\u00fcsteem p\u00f5hineb 75 mm s\u00fcgavustel profiilidel ning vastab nii esteetilistele kui ka&hellip;<\/p>","protected":false},"featured_media":38334,"comment_status":"open","ping_status":"closed","template":"","meta":[],"product_brand":[],"product_cat":[251],"product_tag":[],"class_list":{"0":"post-38177","1":"product","2":"type-product","3":"status-publish","4":"has-post-thumbnail","6":"product_cat-aknad","8":"first","9":"instock","10":"shipping-taxable","11":"product-type-simple"},"_links":{"self":[{"href":"https:\/\/alunord.ee\/en\/wp-json\/wp\/v2\/product\/38177","targetHints":{"allow":["GET"]}}],"collection":[{"href":"https:\/\/alunord.ee\/en\/wp-json\/wp\/v2\/product"}],"about":[{"href":"https:\/\/alunord.ee\/en\/wp-json\/wp\/v2\/types\/product"}],"replies":[{"embeddable":true,"href":"https:\/\/alunord.ee\/en\/wp-json\/wp\/v2\/comments?post=38177"}],"wp:featuredmedia":[{"embeddable":true,"href":"https:\/\/alunord.ee\/en\/wp-json\/wp\/v2\/media\/38334"}],"wp:attachment":[{"href":"https:\/\/alunord.ee\/en\/wp-json\/wp\/v2\/media?parent=38177"}],"wp:term":[{"taxonomy":"product_brand","embeddable":true,"href":"https:\/\/alunord.ee\/en\/wp-json\/wp\/v2\/product_brand?post=38177"},{"taxonomy":"product_cat","embeddable":true,"href":"https:\/\/alunord.ee\/en\/wp-json\/wp\/v2\/product_cat?post=38177"},{"taxonomy":"product_tag","embeddable":true,"href":"https:\/\/alunord.ee\/en\/wp-json\/wp\/v2\/product_tag?post=38177"}],"curies":[{"name":"wp","href":"https:\/\/api.w.org\/{rel}","templated":true}]}}