{"id":38173,"date":"2025-09-10T15:10:03","date_gmt":"2025-09-10T15:10:03","guid":{"rendered":"http:\/\/alunord.ee\/?post_type=product&#038;p=38173"},"modified":"2025-09-11T14:47:46","modified_gmt":"2025-09-11T14:47:46","slug":"genesis-90","status":"publish","type":"product","link":"https:\/\/alunord.ee\/en\/product\/genesis-90\/","title":{"rendered":"Genesis 90"},"content":{"rendered":"<p><b>Genesis 90 \u2013 High-end aluminum system for passive houses<\/b><\/p>\n<p><span style=\"font-weight: 400;\">Genesis 90 on kaasaegne alumiiniums\u00fcsteem akende valmistamiseks, mis n\u00f5uavad suurendatud soojusisolatsiooni. S\u00fcsteem vastab Passiivmaja Instituudi (PHI, Darmstadt) k\u00f5rgetele n\u00f5uetele, saavutades soojusl\u00e4bivuse n\u00e4itaja Uw &lt; 0,8 W\/m\u00b2\u00b7K.<\/span><\/p>\n<p>&nbsp;<\/p>\n<p><b>Kasutusvaldkonnad<\/b><\/p>\n<ul>\n<li style=\"font-weight: 400;\" aria-level=\"1\"><span style=\"font-weight: 400;\">Vitriinaknad ja aknapaigaldised hoonetes Poolas, Euroopas ja \u00fcle maailma<\/span><\/li>\n<li style=\"font-weight: 400;\" aria-level=\"1\"><span style=\"font-weight: 400;\">Passiivmajade ja energiat\u00f5husate hoonete lahendused<\/span><\/li>\n<li style=\"font-weight: 400;\" aria-level=\"1\"><span style=\"font-weight: 400;\">Sobib nii elamutele kui ka avalikele hoonetele<\/span><\/li>\n<\/ul>\n<p>&nbsp;<\/p>\n<p><b>Soojusisolatsiooni variandid<\/b><\/p>\n<p><span style=\"font-weight: 400;\">Genesis 90 s\u00fcsteem on saadaval kolmes versioonis, vastavalt soojusisolatsiooni tasemele:<\/span><\/p>\n<ul>\n<li style=\"font-weight: 400;\" aria-level=\"1\"><span style=\"font-weight: 400;\">Standard \u2013 ilma lisa isolatsioonita<\/span><\/li>\n<li style=\"font-weight: 400;\" aria-level=\"1\"><span style=\"font-weight: 400;\">\u201ci\u201d versioon \u2013 isolatsioon klaaspaneeli \u00fcmber<\/span><\/li>\n<li style=\"font-weight: 400;\" aria-level=\"1\"><span style=\"font-weight: 400;\">\u201ci+\u201d versioon \u2013 isolatsioon profiili sees ja klaaspaneeli \u00fcmber<\/span><\/li>\n<\/ul>\n<p><span style=\"font-weight: 400;\">Lisaks:<\/span><\/p>\n<ul>\n<li style=\"font-weight: 400;\" aria-level=\"1\"><span style=\"font-weight: 400;\">Kasutatakse 55 mm k\u00f5rgust kambrilist termokatkestit k\u00f5rge isolatsiooniv\u00f5imega materjalist<\/span><\/li>\n<li style=\"font-weight: 400;\" aria-level=\"1\"><span style=\"font-weight: 400;\">Kesktihend on kahes variandis:<\/span>\n<ul>\n<li style=\"font-weight: 400;\" aria-level=\"2\"><span style=\"font-weight: 400;\">Standardne<\/span><\/li>\n<li style=\"font-weight: 400;\" aria-level=\"2\"><span style=\"font-weight: 400;\">Termosiset\u00fckiga (XPET, kuumuskindel)<\/span><\/li>\n<\/ul>\n<\/li>\n<\/ul>\n<p>&nbsp;<\/p>\n<p><b>Profiilid ja konstruktsioonilised omadused<\/b><\/p>\n<ul>\n<li style=\"font-weight: 400;\" aria-level=\"1\"><span style=\"font-weight: 400;\">V\u00e4ga kitsad profiilid: 15 mm k\u00f5rgused klaasiliistud<\/span><\/li>\n<li style=\"font-weight: 400;\" aria-level=\"1\"><span style=\"font-weight: 400;\">Lai valik raami-, tiiva- ja postiprofiile \u2013 staatilistele n\u00f5uetele vastavad<\/span><\/li>\n<li style=\"font-weight: 400;\" aria-level=\"1\"><span style=\"font-weight: 400;\">Aknatiiva maksimaalsed m\u00f5\u00f5dud:<\/span>\n<ul>\n<li style=\"font-weight: 400;\" aria-level=\"2\"><span style=\"font-weight: 400;\">K\u00f5rgus: kuni 3 meetrit<\/span><\/li>\n<li style=\"font-weight: 400;\" aria-level=\"2\"><span style=\"font-weight: 400;\">Kaal: kuni 180 kg<\/span><\/li>\n<\/ul>\n<\/li>\n<\/ul>\n<p>&nbsp;<\/p>\n<p><b>Funktsionaalsed ja esteetilised v\u00f5imalused<\/b><\/p>\n<ul>\n<li style=\"font-weight: 400;\" aria-level=\"1\"><span style=\"font-weight: 400;\">Integreeritavad aknalauaprofiilid<\/span><\/li>\n<li style=\"font-weight: 400;\" aria-level=\"1\"><span style=\"font-weight: 400;\">V\u00f5imalus kasutada varjatud \u00e4ravoolu raamides, tiibades ja katteliistudes<\/span><\/li>\n<li style=\"font-weight: 400;\" aria-level=\"1\"><span style=\"font-weight: 400;\">Lai valik lisaprofiile ja tugevdusi (kruvitavad v\u00f5i integreeritavad)<\/span><\/li>\n<li style=\"font-weight: 400;\" aria-level=\"1\"><span style=\"font-weight: 400;\">Saadaval paisumisprofiilid<\/span><\/li>\n<\/ul>\n<p>&nbsp;<\/p>\n<p><b>Furnituuri ja nurgalahenduste \u00fchilduvus<\/b><\/p>\n<ul>\n<li style=\"font-weight: 400;\" aria-level=\"1\"><span style=\"font-weight: 400;\">\u00dchilduvus Euro-groove furnituuriga:<\/span>\n<ul>\n<li style=\"font-weight: 400;\" aria-level=\"2\"><span style=\"font-weight: 400;\">N\u00e4htav v\u00f5i varjatud hingede osa<\/span><\/li>\n<li style=\"font-weight: 400;\" aria-level=\"2\"><span style=\"font-weight: 400;\">Sobib turul saadaolevate s\u00fcsteemidega<\/span><\/li>\n<\/ul>\n<\/li>\n<\/ul>\n<ul>\n<li style=\"font-weight: 400;\" aria-level=\"1\"><span style=\"font-weight: 400;\">Saadaval profiilid PVC furnituurisoontega:<\/span>\n<ul>\n<li style=\"font-weight: 400;\" aria-level=\"2\"><span style=\"font-weight: 400;\">9 mm ja 10 mm teljevahe<\/span><\/li>\n<li style=\"font-weight: 400;\" aria-level=\"2\"><span style=\"font-weight: 400;\">\u00dchildub enamikuga turul saadaolevast furnituurist<\/span><\/li>\n<\/ul>\n<\/li>\n<\/ul>\n<ul>\n<li style=\"font-weight: 400;\" aria-level=\"1\"><span style=\"font-weight: 400;\">Lihtsustatud tootmisprotsess:<\/span>\n<ul>\n<li style=\"font-weight: 400;\" aria-level=\"2\"><span style=\"font-weight: 400;\">V\u00e4hem tarvikuid eelt\u00f6\u00f6tluses<\/span><\/li>\n<li style=\"font-weight: 400;\" aria-level=\"2\"><span style=\"font-weight: 400;\">Saadaval spetsiaalsed pressid tootmise h\u00f5lbustamiseks<\/span><\/li>\n<\/ul>\n<\/li>\n<\/ul>\n<ul>\n<li style=\"font-weight: 400;\" aria-level=\"1\"><span style=\"font-weight: 400;\">V\u00f5imalus kasutada k\u00f5iki nurgalahendusi:<\/span>\n<ul>\n<li style=\"font-weight: 400;\" aria-level=\"2\"><span style=\"font-weight: 400;\">Muudetava nurga profiilid<\/span><\/li>\n<li style=\"font-weight: 400;\" aria-level=\"2\"><span style=\"font-weight: 400;\">Diagonaalsed profiilid<\/span><\/li>\n<li style=\"font-weight: 400;\" aria-level=\"2\"><span style=\"font-weight: 400;\">T\u00e4isklaasnurgad jpm<\/span><\/li>\n<\/ul>\n<\/li>\n<\/ul>\n<p>&nbsp;<\/p>\n<p><b>P\u00e4ikesekaitsega \u00fchilduvus<\/b><\/p>\n<p><span style=\"font-weight: 400;\">\u00dchilduv Aliplasti p\u00e4ikesekaitses\u00fcsteemidega:<\/span><\/p>\n<ul>\n<li style=\"font-weight: 400;\" aria-level=\"1\"><span style=\"font-weight: 400;\">Rulood<\/span><\/li>\n<li style=\"font-weight: 400;\" aria-level=\"1\"><span style=\"font-weight: 400;\">Ribakardinad (SunFas)<\/span><\/li>\n<li style=\"font-weight: 400;\" aria-level=\"1\"><span style=\"font-weight: 400;\">Zip screen s\u00fcsteemid<\/span><\/li>\n<\/ul>\n<p>&nbsp;<\/p>\n<p><b>Euroopa turule suunatud erilahendused<\/b><\/p>\n<ul>\n<li style=\"font-weight: 400;\" aria-level=\"1\"><span style=\"font-weight: 400;\">Hollandi raamid<\/span><\/li>\n<li style=\"font-weight: 400;\" aria-level=\"1\"><span style=\"font-weight: 400;\">Raamid varjatud \u00e4ravooluga<\/span><\/li>\n<li style=\"font-weight: 400;\" aria-level=\"1\"><span style=\"font-weight: 400;\">Prantsuse renoveerimisprofiilid<\/span><\/li>\n<li style=\"font-weight: 400;\" aria-level=\"1\"><span style=\"font-weight: 400;\">Kitsad liikuvad postid<\/span><\/li>\n<\/ul>\n<p>&nbsp;<\/p>\n<p><b>Viimistlusv\u00f5imalused<\/b><\/p>\n<p><span style=\"font-weight: 400;\">Lai valik k\u00f5rgekvaliteedilisi viimistlusvariante:<\/span><\/p>\n<ul>\n<li style=\"font-weight: 400;\" aria-level=\"1\"><span style=\"font-weight: 400;\">RAL-v\u00e4rvitoonid (Qualicoat 1518)<\/span><\/li>\n<li style=\"font-weight: 400;\" aria-level=\"1\"><span style=\"font-weight: 400;\">Struktuurv\u00e4rvid<\/span><\/li>\n<li style=\"font-weight: 400;\" aria-level=\"1\"><span style=\"font-weight: 400;\">Puidumustriga viimistlus<\/span><\/li>\n<li style=\"font-weight: 400;\" aria-level=\"1\"><span style=\"font-weight: 400;\">Kiviimitatsioon (Qualideco PL \u2013 0001)<\/span><\/li>\n<li style=\"font-weight: 400;\" aria-level=\"1\"><span style=\"font-weight: 400;\">Kahev\u00e4rvilised profiilid<\/span><\/li>\n<li style=\"font-weight: 400;\" aria-level=\"1\"><span style=\"font-weight: 400;\">Anodeeritud pinnad (Qualanod 1808)<\/span><\/li>\n<\/ul>\n<p>&nbsp;<\/p>\n<p><span style=\"font-weight: 400;\">Genesis 90 \u2013 tipptasemel tehnoloogia, energiat\u00f5husus ja esteetika \u00fches s\u00fcsteemis.<\/span><\/p>","protected":false},"excerpt":{"rendered":"<p>Genesis 90 \u2013 Tippklassi alumiiniums\u00fcsteem passiivmajadele Genesis 90 on kaasaegne alumiiniums\u00fcsteem akende valmistamiseks, mis n\u00f5uavad suurendatud soojusisolatsiooni. S\u00fcsteem vastab Passiivmaja Instituudi (PHI, Darmstadt) k\u00f5rgetele n\u00f5uetele, saavutades soojusl\u00e4bivuse n\u00e4itaja Uw &lt;&hellip;<\/p>","protected":false},"featured_media":0,"comment_status":"open","ping_status":"closed","template":"","meta":[],"product_brand":[],"product_cat":[250],"product_tag":[],"class_list":{"0":"post-38173","1":"product","2":"type-product","3":"status-publish","5":"product_cat-uksed","7":"first","8":"instock","9":"shipping-taxable","10":"product-type-simple"},"_links":{"self":[{"href":"https:\/\/alunord.ee\/en\/wp-json\/wp\/v2\/product\/38173","targetHints":{"allow":["GET"]}}],"collection":[{"href":"https:\/\/alunord.ee\/en\/wp-json\/wp\/v2\/product"}],"about":[{"href":"https:\/\/alunord.ee\/en\/wp-json\/wp\/v2\/types\/product"}],"replies":[{"embeddable":true,"href":"https:\/\/alunord.ee\/en\/wp-json\/wp\/v2\/comments?post=38173"}],"wp:attachment":[{"href":"https:\/\/alunord.ee\/en\/wp-json\/wp\/v2\/media?parent=38173"}],"wp:term":[{"taxonomy":"product_brand","embeddable":true,"href":"https:\/\/alunord.ee\/en\/wp-json\/wp\/v2\/product_brand?post=38173"},{"taxonomy":"product_cat","embeddable":true,"href":"https:\/\/alunord.ee\/en\/wp-json\/wp\/v2\/product_cat?post=38173"},{"taxonomy":"product_tag","embeddable":true,"href":"https:\/\/alunord.ee\/en\/wp-json\/wp\/v2\/product_tag?post=38173"}],"curies":[{"name":"wp","href":"https:\/\/api.w.org\/{rel}","templated":true}]}}