{"id":37630,"date":"2024-12-23T12:38:36","date_gmt":"2024-12-23T12:38:36","guid":{"rendered":"http:\/\/alunord.ee\/?page_id=37630"},"modified":"2025-05-29T12:00:35","modified_gmt":"2025-05-29T12:00:35","slug":"genesis-75","status":"publish","type":"page","link":"https:\/\/alunord.ee\/en\/genesis-75\/","title":{"rendered":"genesis-75"},"content":{"rendered":"<div data-elementor-type=\"wp-page\" data-elementor-id=\"37630\" class=\"elementor elementor-37630\" data-elementor-post-type=\"page\">\n\t\t\t\t\t\t<section class=\"elementor-section elementor-top-section elementor-element elementor-element-043068f elementor-section-boxed elementor-section-height-default elementor-section-height-default sc_fly_static\" data-id=\"043068f\" data-element_type=\"section\">\n\t\t\t\t\t\t<div class=\"elementor-container elementor-column-gap-extended\">\n\t\t\t\t\t<div class=\"elementor-column elementor-col-100 elementor-top-column elementor-element elementor-element-16a9894 sc_content_align_inherit sc_layouts_column_icons_position_left sc_fly_static\" data-id=\"16a9894\" data-element_type=\"column\">\n\t\t\t<div class=\"elementor-widget-wrap elementor-element-populated\">\n\t\t\t\t\t\t<div class=\"elementor-element elementor-element-747381f elementor-arrows-position-inside elementor-pagination-position-outside sc_fly_static elementor-widget elementor-widget-image-carousel\" data-id=\"747381f\" data-element_type=\"widget\" data-settings=\"{&quot;slides_to_show&quot;:&quot;1&quot;,&quot;navigation&quot;:&quot;both&quot;,&quot;autoplay&quot;:&quot;yes&quot;,&quot;pause_on_hover&quot;:&quot;yes&quot;,&quot;pause_on_interaction&quot;:&quot;yes&quot;,&quot;autoplay_speed&quot;:5000,&quot;infinite&quot;:&quot;yes&quot;,&quot;effect&quot;:&quot;slide&quot;,&quot;speed&quot;:500}\" data-widget_type=\"image-carousel.default\">\n\t\t\t\t<div class=\"elementor-widget-container\">\n\t\t\t\t\t\t\t<div class=\"elementor-image-carousel-wrapper swiper\" role=\"region\" aria-roledescription=\"carousel\" aria-label=\"Image Carousel\" dir=\"ltr\">\n\t\t\t<div class=\"elementor-image-carousel swiper-wrapper\" aria-live=\"off\">\n\t\t\t\t\t\t\t\t<div class=\"swiper-slide\" role=\"group\" aria-roledescription=\"slide\" aria-label=\"1 of 3\"><figure class=\"swiper-slide-inner\"><img decoding=\"async\" class=\"swiper-slide-image lazyload\" data-src=\"https:\/\/alunord.ee\/wp-content\/uploads\/2025\/05\/thumbnail-2.webp\" alt=\"thumbnail (2)\" src=\"data:image\/svg+xml;base64,PHN2ZyB3aWR0aD0iMSIgaGVpZ2h0PSIxIiB4bWxucz0iaHR0cDovL3d3dy53My5vcmcvMjAwMC9zdmciPjwvc3ZnPg==\" style=\"--smush-placeholder-width: 1920px; --smush-placeholder-aspect-ratio: 1920\/527;\" \/><\/figure><\/div><div class=\"swiper-slide\" role=\"group\" aria-roledescription=\"slide\" aria-label=\"2 of 3\"><figure class=\"swiper-slide-inner\"><img decoding=\"async\" class=\"swiper-slide-image lazyload\" data-src=\"https:\/\/alunord.ee\/wp-content\/uploads\/2025\/05\/thumbnail-1.webp\" alt=\"thumbnail (1)\" src=\"data:image\/svg+xml;base64,PHN2ZyB3aWR0aD0iMSIgaGVpZ2h0PSIxIiB4bWxucz0iaHR0cDovL3d3dy53My5vcmcvMjAwMC9zdmciPjwvc3ZnPg==\" style=\"--smush-placeholder-width: 1920px; --smush-placeholder-aspect-ratio: 1920\/527;\" \/><\/figure><\/div><div class=\"swiper-slide\" role=\"group\" aria-roledescription=\"slide\" aria-label=\"3 of 3\"><figure class=\"swiper-slide-inner\"><img decoding=\"async\" class=\"swiper-slide-image lazyload\" data-src=\"https:\/\/alunord.ee\/wp-content\/uploads\/2025\/05\/thumbnail.webp\" alt=\"thumbnail\" src=\"data:image\/svg+xml;base64,PHN2ZyB3aWR0aD0iMSIgaGVpZ2h0PSIxIiB4bWxucz0iaHR0cDovL3d3dy53My5vcmcvMjAwMC9zdmciPjwvc3ZnPg==\" style=\"--smush-placeholder-width: 1920px; --smush-placeholder-aspect-ratio: 1920\/527;\" \/><\/figure><\/div>\t\t\t<\/div>\n\t\t\t\t\t\t\t\t\t\t\t\t<div class=\"elementor-swiper-button elementor-swiper-button-prev\" role=\"button\" tabindex=\"0\">\n\t\t\t\t\t\t<i aria-hidden=\"true\" class=\"eicon-chevron-left\"><\/i>\t\t\t\t\t<\/div>\n\t\t\t\t\t<div class=\"elementor-swiper-button elementor-swiper-button-next\" role=\"button\" tabindex=\"0\">\n\t\t\t\t\t\t<i aria-hidden=\"true\" class=\"eicon-chevron-right\"><\/i>\t\t\t\t\t<\/div>\n\t\t\t\t\n\t\t\t\t\t\t\t\t\t<div class=\"swiper-pagination\"><\/div>\n\t\t\t\t\t\t\t\t\t<\/div>\n\t\t\t\t\t\t<\/div>\n\t\t\t\t<\/div>\n\t\t\t\t\t<\/div>\n\t\t<\/div>\n\t\t\t\t\t<\/div>\n\t\t<\/section>\n\t\t\t\t<section class=\"elementor-section elementor-top-section elementor-element elementor-element-e59cf91 elementor-section-boxed elementor-section-height-default elementor-section-height-default sc_fly_static\" data-id=\"e59cf91\" data-element_type=\"section\">\n\t\t\t\t\t\t<div class=\"elementor-container elementor-column-gap-extended\">\n\t\t\t\t\t<div class=\"elementor-column elementor-col-33 elementor-top-column elementor-element elementor-element-88c4a77 sc_content_align_inherit sc_layouts_column_icons_position_left sc_fly_static\" data-id=\"88c4a77\" data-element_type=\"column\">\n\t\t\t<div class=\"elementor-widget-wrap elementor-element-populated\">\n\t\t\t\t\t\t<div class=\"elementor-element elementor-element-8f2bde4 elementor-align-left sc_fly_static elementor-widget elementor-widget-button\" data-id=\"8f2bde4\" data-element_type=\"widget\" data-widget_type=\"button.default\">\n\t\t\t\t<div class=\"elementor-widget-container\">\n\t\t\t\t\t\t\t\t\t<div class=\"elementor-button-wrapper\">\n\t\t\t\t\t<a class=\"elementor-button elementor-button-link elementor-size-sm\" href=\"https:\/\/alunord.ee\/en\/genesis-75\/\">\n\t\t\t\t\t\t<span class=\"elementor-button-content-wrapper\">\n\t\t\t\t\t\t\t\t\t<span class=\"elementor-button-text\">Genesis 75<\/span>\n\t\t\t\t\t<\/span>\n\t\t\t\t\t<\/a>\n\t\t\t\t<\/div>\n\t\t\t\t\t\t\t\t<\/div>\n\t\t\t\t<\/div>\n\t\t\t\t<div class=\"elementor-element elementor-element-7531fa7 elementor-align-left sc_fly_static elementor-widget elementor-widget-button\" data-id=\"7531fa7\" data-element_type=\"widget\" data-widget_type=\"button.default\">\n\t\t\t\t<div class=\"elementor-widget-container\">\n\t\t\t\t\t\t\t\t\t<div class=\"elementor-button-wrapper\">\n\t\t\t\t\t<a class=\"elementor-button elementor-button-link elementor-size-sm\" href=\"https:\/\/alunord.ee\/en\/genesis-75\/\">\n\t\t\t\t\t\t<span class=\"elementor-button-content-wrapper\">\n\t\t\t\t\t\t\t\t\t<span class=\"elementor-button-text\">Genesis 90<\/span>\n\t\t\t\t\t<\/span>\n\t\t\t\t\t<\/a>\n\t\t\t\t<\/div>\n\t\t\t\t\t\t\t\t<\/div>\n\t\t\t\t<\/div>\n\t\t\t\t<div class=\"elementor-element elementor-element-cfdd838 elementor-align-left sc_fly_static elementor-widget elementor-widget-button\" data-id=\"cfdd838\" data-element_type=\"widget\" data-widget_type=\"button.default\">\n\t\t\t\t<div class=\"elementor-widget-container\">\n\t\t\t\t\t\t\t\t\t<div class=\"elementor-button-wrapper\">\n\t\t\t\t\t<a class=\"elementor-button elementor-button-link elementor-size-sm\" href=\"https:\/\/alunord.ee\/en\/genesis-75\/\">\n\t\t\t\t\t\t<span class=\"elementor-button-content-wrapper\">\n\t\t\t\t\t\t\t\t\t<span class=\"elementor-button-text\">Genesis SU<\/span>\n\t\t\t\t\t<\/span>\n\t\t\t\t\t<\/a>\n\t\t\t\t<\/div>\n\t\t\t\t\t\t\t\t<\/div>\n\t\t\t\t<\/div>\n\t\t\t\t<div class=\"elementor-element elementor-element-dfbf818 elementor-align-left sc_fly_static elementor-widget elementor-widget-button\" data-id=\"dfbf818\" data-element_type=\"widget\" data-widget_type=\"button.default\">\n\t\t\t\t<div class=\"elementor-widget-container\">\n\t\t\t\t\t\t\t\t\t<div class=\"elementor-button-wrapper\">\n\t\t\t\t\t<a class=\"elementor-button elementor-button-link elementor-size-sm\" href=\"https:\/\/alunord.ee\/en\/genesis-75\/\">\n\t\t\t\t\t\t<span class=\"elementor-button-content-wrapper\">\n\t\t\t\t\t\t\t\t\t<span class=\"elementor-button-text\">Genesis OUT<\/span>\n\t\t\t\t\t<\/span>\n\t\t\t\t\t<\/a>\n\t\t\t\t<\/div>\n\t\t\t\t\t\t\t\t<\/div>\n\t\t\t\t<\/div>\n\t\t\t\t<div class=\"elementor-element elementor-element-f1c8417 elementor-align-left sc_fly_static elementor-widget elementor-widget-button\" data-id=\"f1c8417\" data-element_type=\"widget\" data-widget_type=\"button.default\">\n\t\t\t\t<div class=\"elementor-widget-container\">\n\t\t\t\t\t\t\t\t\t<div class=\"elementor-button-wrapper\">\n\t\t\t\t\t<a class=\"elementor-button elementor-button-link elementor-size-sm\" href=\"https:\/\/alunord.ee\/en\/genesis-75\/\">\n\t\t\t\t\t\t<span class=\"elementor-button-content-wrapper\">\n\t\t\t\t\t\t\t\t\t<span class=\"elementor-button-text\">Genesis panel door<\/span>\n\t\t\t\t\t<\/span>\n\t\t\t\t\t<\/a>\n\t\t\t\t<\/div>\n\t\t\t\t\t\t\t\t<\/div>\n\t\t\t\t<\/div>\n\t\t\t\t\t<\/div>\n\t\t<\/div>\n\t\t\t\t<div class=\"elementor-column elementor-col-66 elementor-top-column elementor-element elementor-element-da0b287 sc_content_align_inherit sc_layouts_column_icons_position_left sc_fly_static\" data-id=\"da0b287\" data-element_type=\"column\">\n\t\t\t<div class=\"elementor-widget-wrap elementor-element-populated\">\n\t\t\t\t\t\t<section class=\"elementor-section elementor-inner-section elementor-element elementor-element-33e52d0 elementor-section-boxed elementor-section-height-default elementor-section-height-default sc_fly_static\" data-id=\"33e52d0\" data-element_type=\"section\">\n\t\t\t\t\t\t<div class=\"elementor-container elementor-column-gap-extended\">\n\t\t\t\t\t<div class=\"elementor-column elementor-col-50 elementor-inner-column elementor-element elementor-element-a1fde48 sc_content_align_inherit sc_layouts_column_icons_position_left sc_fly_static\" data-id=\"a1fde48\" data-element_type=\"column\">\n\t\t\t<div class=\"elementor-widget-wrap elementor-element-populated\">\n\t\t\t\t\t\t<div class=\"elementor-element elementor-element-1360da5 sc_fly_static elementor-widget elementor-widget-text-editor\" data-id=\"1360da5\" data-element_type=\"widget\" data-widget_type=\"text-editor.default\">\n\t\t\t\t<div class=\"elementor-widget-container\">\n\t\t\t\t\t\t\t\t\t<p style=\"font-weight: 400;\"><strong>Genesis 75 \u2013 A modern aluminum system for windows and doors with very good thermal insulation<\/strong><\/p><p style=\"font-weight: 400;\">Genesis 75 on uusima p\u00f5lvkonna alumiiniumprofiilis\u00fcsteem, mis on loodud akende ja uste valmistamiseks k\u00f5rge soojusisolatsioonivajadusega hoonetes. S\u00fcsteem p\u00f5hineb 75 mm s\u00fcgavustel profiilidel ning vastab nii esteetilistele kui ka funktsionaalsetele n\u00f5udmistele.<\/p><p style=\"font-weight: 400;\"><strong>Kasutusvaldkonnad<\/strong><\/p><ul><li style=\"font-weight: 400;\">Avaliku ligip\u00e4\u00e4suga hooned (b\u00fcroohooned, asutused, kauplused)<\/li><li style=\"font-weight: 400;\">\u00dchepereelamud ja korterelamud<\/li><li style=\"font-weight: 400;\">Sobib nii uusehituseks kui ka renoveerimiseks<\/li><\/ul><p style=\"font-weight: 400;\"><strong>Peamised eelised ja omadused<\/strong><\/p><ul><li style=\"font-weight: 400;\">Soojusisolatsioon ja tihendus<\/li><li style=\"font-weight: 400;\">Kaasaegsed isolatsioonimaterjalid, mis on hiljuti turule toodud<\/li><li style=\"font-weight: 400;\">Tavalise kesktihendi k\u00f5rval ka t\u00e4iendav soojusisolatsiooni tihend, mis tagab v\u00e4ga hea:<\/li><li style=\"font-weight: 400;\">\u00d5hupidavuse<\/li><li style=\"font-weight: 400;\">Veetiheduse<\/li><li style=\"font-weight: 400;\">Vastab k\u00f5rgeimatele soojusisolatsiooni standarditele<\/li><\/ul><p style=\"font-weight: 400;\"><strong>Mitmekesine profiilivalik<\/strong><\/p><ul><li style=\"font-weight: 400;\">Lai valik raam-, tiiva- ja postiprofiile kaasaegsete akende, uste ja vitriinide loomiseks<\/li><li style=\"font-weight: 400;\">V\u00f5imalus kasutada renoveerimisprofiile \u2013 kohandatud lahendused olemasolevatele hoonetele<\/li><li style=\"font-weight: 400;\">Klaas-klaas nurk\u00fchendus (90\u00b0) \u2013 v\u00f5imaldab luua muljetavaldavaid klaaspindu<\/li><\/ul><p style=\"font-weight: 400;\"><strong>Esteetika ja ergonoomika<\/strong><\/p><ul><li style=\"font-weight: 400;\">Uuenduslik disain ja profiiliesteetika<\/li><li style=\"font-weight: 400;\">Ergonoomiline kasutusmugavus<\/li><li style=\"font-weight: 400;\">V\u00f5imalus kohandada profiilide v\u00e4limust vastavalt arhitektuursetele n\u00f5uetele<\/li><\/ul><p style=\"font-weight: 400;\"><strong>Lai funktsionaalsus<\/strong><\/p><ul><li style=\"font-weight: 400;\">V\u00f5imalik kasutada paneeluksi sama s\u00fcsteemi raames<\/li><li style=\"font-weight: 400;\">Erinevad avamiss\u00fcsteemid:<\/li><li style=\"font-weight: 400;\">Genesis OUT \u2013 v\u00e4ljapoole avanevad aknad<\/li><li style=\"font-weight: 400;\">Genesis SU \u2013 varjatud tiivaga aknad<\/li><li style=\"font-weight: 400;\">Putukav\u00f5rkude ja Flyscreen s\u00fcsteemide integreerimise v\u00f5imalus<\/li><\/ul><p style=\"font-weight: 400;\"><strong>Viimistlusv\u00f5imalused<\/strong><\/p><p style=\"font-weight: 400;\">Genesis 75 s\u00fcsteem v\u00f5imaldab mitmekesist ja kvaliteetset viimistlust:<\/p><ul><li style=\"font-weight: 400;\">RAL-v\u00e4rvitoonid (Qualicoat 1518)<\/li><li style=\"font-weight: 400;\">Struktuurv\u00e4rvid<\/li><li style=\"font-weight: 400;\">Puiduimitatsioon<\/li><li style=\"font-weight: 400;\">Kiviimitatsioon (Qualideco PL \u2013 0001)<\/li><li style=\"font-weight: 400;\">Kahev\u00e4rvilised profiilid<\/li><li style=\"font-weight: 400;\">Anodeeritud pinnad (Qualanod 1808)<\/li><\/ul><p style=\"font-weight: 400;\">Genesis 75 \u2013 tehnoloogia, esteetika ja energiat\u00f5husus \u00fches terviklikus lahenduses.<\/p>\t\t\t\t\t\t\t\t<\/div>\n\t\t\t\t<\/div>\n\t\t\t\t\t<\/div>\n\t\t<\/div>\n\t\t\t\t<div class=\"elementor-column elementor-col-50 elementor-inner-column elementor-element elementor-element-5b78ed9 sc_content_align_inherit sc_layouts_column_icons_position_left sc_fly_static\" data-id=\"5b78ed9\" data-element_type=\"column\">\n\t\t\t<div class=\"elementor-widget-wrap elementor-element-populated\">\n\t\t\t\t\t\t<div class=\"elementor-element elementor-element-7204957 sc_fly_static elementor-widget elementor-widget-image\" data-id=\"7204957\" data-element_type=\"widget\" data-widget_type=\"image.default\">\n\t\t\t\t<div class=\"elementor-widget-container\">\n\t\t\t\t\t\t\t\t\t\t\t\t\t\t\t<img fetchpriority=\"high\" decoding=\"async\" width=\"640\" height=\"640\" src=\"https:\/\/alunord.ee\/wp-content\/uploads\/2025\/05\/genesis-okno_thumbnail.png\" class=\"attachment-large size-large wp-image-37891\" alt=\"\" srcset=\"https:\/\/alunord.ee\/wp-content\/uploads\/2025\/05\/genesis-okno_thumbnail.png 640w, https:\/\/alunord.ee\/wp-content\/uploads\/2025\/05\/genesis-okno_thumbnail-300x300.png 300w, https:\/\/alunord.ee\/wp-content\/uploads\/2025\/05\/genesis-okno_thumbnail-150x150.png 150w, https:\/\/alunord.ee\/wp-content\/uploads\/2025\/05\/genesis-okno_thumbnail-370x370.png 370w, https:\/\/alunord.ee\/wp-content\/uploads\/2025\/05\/genesis-okno_thumbnail-120x120.png 120w, https:\/\/alunord.ee\/wp-content\/uploads\/2025\/05\/genesis-okno_thumbnail-410x410.png 410w, https:\/\/alunord.ee\/wp-content\/uploads\/2025\/05\/genesis-okno_thumbnail-630x630.png 630w, https:\/\/alunord.ee\/wp-content\/uploads\/2025\/05\/genesis-okno_thumbnail-600x600.png 600w\" sizes=\"(max-width: 640px) 100vw, 640px\" \/>\t\t\t\t\t\t\t\t\t\t\t\t\t\t\t<\/div>\n\t\t\t\t<\/div>\n\t\t\t\t<div class=\"elementor-element elementor-element-871eb72 sc_fly_static elementor-widget elementor-widget-image\" data-id=\"871eb72\" data-element_type=\"widget\" data-widget_type=\"image.default\">\n\t\t\t\t<div class=\"elementor-widget-container\">\n\t\t\t\t\t\t\t\t\t\t\t\t\t\t\t<img decoding=\"async\" width=\"764\" height=\"222\" data-src=\"https:\/\/alunord.ee\/wp-content\/uploads\/2025\/05\/Screenshot-2025-05-06-at-19.08.42.png\" class=\"attachment-large size-large wp-image-37895 lazyload\" alt=\"\" data-srcset=\"https:\/\/alunord.ee\/wp-content\/uploads\/2025\/05\/Screenshot-2025-05-06-at-19.08.42.png 764w, https:\/\/alunord.ee\/wp-content\/uploads\/2025\/05\/Screenshot-2025-05-06-at-19.08.42-300x87.png 300w, https:\/\/alunord.ee\/wp-content\/uploads\/2025\/05\/Screenshot-2025-05-06-at-19.08.42-370x108.png 370w, https:\/\/alunord.ee\/wp-content\/uploads\/2025\/05\/Screenshot-2025-05-06-at-19.08.42-410x119.png 410w, https:\/\/alunord.ee\/wp-content\/uploads\/2025\/05\/Screenshot-2025-05-06-at-19.08.42-600x174.png 600w\" data-sizes=\"(max-width: 764px) 100vw, 764px\" src=\"data:image\/svg+xml;base64,PHN2ZyB3aWR0aD0iMSIgaGVpZ2h0PSIxIiB4bWxucz0iaHR0cDovL3d3dy53My5vcmcvMjAwMC9zdmciPjwvc3ZnPg==\" style=\"--smush-placeholder-width: 764px; --smush-placeholder-aspect-ratio: 764\/222;\" \/>\t\t\t\t\t\t\t\t\t\t\t\t\t\t\t<\/div>\n\t\t\t\t<\/div>\n\t\t\t\t\t<\/div>\n\t\t<\/div>\n\t\t\t\t\t<\/div>\n\t\t<\/section>\n\t\t\t\t<section class=\"elementor-section elementor-inner-section elementor-element elementor-element-fde837d elementor-section-boxed elementor-section-height-default elementor-section-height-default sc_fly_static\" data-id=\"fde837d\" data-element_type=\"section\">\n\t\t\t\t\t\t<div class=\"elementor-container elementor-column-gap-extended\">\n\t\t\t\t\t<div class=\"elementor-column elementor-col-100 elementor-inner-column elementor-element elementor-element-61012d6 sc_content_align_inherit sc_layouts_column_icons_position_left sc_fly_static\" data-id=\"61012d6\" data-element_type=\"column\">\n\t\t\t<div class=\"elementor-widget-wrap elementor-element-populated\">\n\t\t\t\t\t\t<div class=\"elementor-element elementor-element-af0232a sc_fly_static elementor-widget elementor-widget-text-editor\" data-id=\"af0232a\" data-element_type=\"widget\" data-widget_type=\"text-editor.default\">\n\t\t\t\t<div class=\"elementor-widget-container\">\n\t\t\t\t\t\t\t\t\t<p>Files to Download:<\/p><p>\u00a0<\/p>\t\t\t\t\t\t\t\t<\/div>\n\t\t\t\t<\/div>\n\t\t\t\t<div class=\"elementor-element elementor-element-5740b91 elementor-view-default sc_fly_static elementor-widget elementor-widget-icon\" data-id=\"5740b91\" data-element_type=\"widget\" data-widget_type=\"icon.default\">\n\t\t\t\t<div class=\"elementor-widget-container\">\n\t\t\t\t\t\t\t<div class=\"elementor-icon-wrapper\">\n\t\t\t<a class=\"elementor-icon\" href=\"https:\/\/alunord.ee\/wp-content\/uploads\/2025\/05\/LEAFLET-GENESIS-75.pdf\">\n\t\t\t<i aria-hidden=\"true\" class=\"fas fa-download\"><\/i>\t\t\t<\/a>\n\t\t<\/div>\n\t\t\t\t\t\t<\/div>\n\t\t\t\t<\/div>\n\t\t\t\t\t<\/div>\n\t\t<\/div>\n\t\t\t\t\t<\/div>\n\t\t<\/section>\n\t\t\t\t\t<\/div>\n\t\t<\/div>\n\t\t\t\t\t<\/div>\n\t\t<\/section>\n\t\t\t\t<section class=\"elementor-section elementor-top-section elementor-element elementor-element-776397a elementor-section-boxed elementor-section-height-default elementor-section-height-default sc_fly_static\" data-id=\"776397a\" data-element_type=\"section\">\n\t\t\t\t\t\t<div class=\"elementor-container elementor-column-gap-extended\">\n\t\t\t\t\t<div class=\"elementor-column elementor-col-33 elementor-top-column elementor-element elementor-element-4c77199 sc_content_align_inherit sc_layouts_column_icons_position_left sc_fly_static\" data-id=\"4c77199\" data-element_type=\"column\">\n\t\t\t<div class=\"elementor-widget-wrap\">\n\t\t\t\t\t\t\t<\/div>\n\t\t<\/div>\n\t\t\t\t<div class=\"elementor-column elementor-col-66 elementor-top-column elementor-element elementor-element-c68a355 sc_content_align_inherit sc_layouts_column_icons_position_left sc_fly_static\" data-id=\"c68a355\" data-element_type=\"column\">\n\t\t\t<div class=\"elementor-widget-wrap elementor-element-populated\">\n\t\t\t\t\t\t<div class=\"elementor-element elementor-element-acc1583 sc_fly_static elementor-widget elementor-widget-trx_sc_contact_form_7\" data-id=\"acc1583\" data-element_type=\"widget\" data-widget_type=\"trx_sc_contact_form_7.default\">\n\t\t\t\t<div class=\"elementor-widget-container\">\n\t\t\t\t\t\n<div class=\"wpcf7 no-js\" id=\"wpcf7-f1334-o1\" lang=\"en-US\" dir=\"ltr\" data-wpcf7-id=\"1334\">\n<div class=\"screen-reader-response\"><p role=\"status\" aria-live=\"polite\" aria-atomic=\"true\"><\/p> <ul><\/ul><\/div>\n<form action=\"\/en\/wp-json\/wp\/v2\/pages\/37630#wpcf7-f1334-o1\" method=\"post\" class=\"wpcf7-form init\" aria-label=\"Contact form\" novalidate=\"novalidate\" data-status=\"init\" data-trp-original-action=\"\/en\/wp-json\/wp\/v2\/pages\/37630#wpcf7-f1334-o1\">\n<fieldset class=\"hidden-fields-container\"><input type=\"hidden\" name=\"_wpcf7\" value=\"1334\" \/><input type=\"hidden\" name=\"_wpcf7_version\" value=\"6.1.2\" \/><input type=\"hidden\" name=\"_wpcf7_locale\" value=\"en_US\" \/><input type=\"hidden\" name=\"_wpcf7_unit_tag\" value=\"wpcf7-f1334-o1\" \/><input type=\"hidden\" name=\"_wpcf7_container_post\" value=\"0\" \/><input type=\"hidden\" name=\"_wpcf7_posted_data_hash\" value=\"\" \/>\n<\/fieldset>\n<div class=\"form-style-5\">\n\t<div class=\"columns_wrap\">\n\t\t<div class=\"column-1_1\">\n\t\t\t<p><span class=\"style-line icon-name\"><span class=\"wpcf7-form-control-wrap\" data-name=\"your-name\"><input size=\"40\" maxlength=\"400\" class=\"wpcf7-form-control wpcf7-text wpcf7-validates-as-required\" aria-required=\"true\" aria-invalid=\"false\" placeholder=\"Name\" value=\"\" type=\"text\" name=\"your-name\" \/><\/span><\/span>\n\t\t\t<\/p>\n\t\t<\/div>\n\t\t<div class=\"column-1_1\">\n\t\t\t<p><span class=\"style-line icon-email\"><span class=\"wpcf7-form-control-wrap\" data-name=\"your-email\"><input size=\"40\" maxlength=\"400\" class=\"wpcf7-form-control wpcf7-email wpcf7-validates-as-required wpcf7-text wpcf7-validates-as-email\" aria-required=\"true\" aria-invalid=\"false\" placeholder=\"Email Address\" value=\"\" type=\"email\" name=\"your-email\" \/><\/span><\/span>\n\t\t\t<\/p>\n\t\t<\/div>\n\t\t<div class=\"column-1_1\">\n\t\t\t<p><span class=\"style-line icon-textarea\"><span class=\"wpcf7-form-control-wrap\" data-name=\"your-message\"><textarea cols=\"40\" rows=\"10\" maxlength=\"2000\" class=\"wpcf7-form-control wpcf7-textarea wpcf7-validates-as-required\" aria-required=\"true\" aria-invalid=\"false\" placeholder=\"How can we help you? Feel free to get in touch!\" name=\"your-message\"><\/textarea><\/span><\/span>\n\t\t\t<\/p>\n\t\t<\/div>\n\t<\/div>\n\t<p><span class=\"wpcf7-form-control-wrap\" data-name=\"acceptance\"><span class=\"wpcf7-form-control wpcf7-acceptance\"><span class=\"wpcf7-list-item\"><label><input type=\"checkbox\" name=\"acceptance\" value=\"1\" aria-invalid=\"false\" \/><span class=\"wpcf7-list-item-label\">I agree that my submitted data is being <a href=\"\/en\/privacy-policy\/\">collected and stored<\/a>.<\/span><\/label><\/span><\/span><\/span><input class=\"wpcf7-form-control wpcf7-submit has-spinner\" type=\"submit\" value=\"Get In Touch\" \/>\n\t<\/p>\n<\/div><p style=\"display: none !important;\" class=\"akismet-fields-container\" data-prefix=\"_wpcf7_ak_\"><label>&#916;<textarea name=\"_wpcf7_ak_hp_textarea\" cols=\"45\" rows=\"8\" maxlength=\"100\"><\/textarea><\/label><input type=\"hidden\" id=\"ak_js_1\" name=\"_wpcf7_ak_js\" value=\"65\"\/><script>document.getElementById( \"ak_js_1\" ).setAttribute( \"value\", ( new Date() ).getTime() );<\/script><\/p><div class=\"wpcf7-response-output\" aria-hidden=\"true\"><\/div>\n<input type=\"hidden\" name=\"trp-form-language\" value=\"en\"\/><\/form>\n<\/div>\n\t\t\t\t<\/div>\n\t\t\t\t<\/div>\n\t\t\t\t\t<\/div>\n\t\t<\/div>\n\t\t\t\t\t<\/div>\n\t\t<\/section>\n\t\t\t\t<\/div>","protected":false},"excerpt":{"rendered":"<p>Genesis 75 Genesis 90 Genesis SU Genesis OUT Genesis panel door Genesis 75 \u2013 Kaasaegne alumiiniums\u00fcsteem v\u00e4ga hea soojusisolatsiooniga akende ja uste jaoks Genesis 75 on uusima p\u00f5lvkonna alumiiniumprofiilis\u00fcsteem, mis&hellip;<\/p>","protected":false},"author":1,"featured_media":0,"parent":0,"menu_order":0,"comment_status":"closed","ping_status":"closed","template":"","meta":{"footnotes":""},"class_list":["post-37630","page","type-page","status-publish","hentry"],"_links":{"self":[{"href":"https:\/\/alunord.ee\/en\/wp-json\/wp\/v2\/pages\/37630","targetHints":{"allow":["GET"]}}],"collection":[{"href":"https:\/\/alunord.ee\/en\/wp-json\/wp\/v2\/pages"}],"about":[{"href":"https:\/\/alunord.ee\/en\/wp-json\/wp\/v2\/types\/page"}],"author":[{"embeddable":true,"href":"https:\/\/alunord.ee\/en\/wp-json\/wp\/v2\/users\/1"}],"replies":[{"embeddable":true,"href":"https:\/\/alunord.ee\/en\/wp-json\/wp\/v2\/comments?post=37630"}],"version-history":[{"count":5,"href":"https:\/\/alunord.ee\/en\/wp-json\/wp\/v2\/pages\/37630\/revisions"}],"predecessor-version":[{"id":38168,"href":"https:\/\/alunord.ee\/en\/wp-json\/wp\/v2\/pages\/37630\/revisions\/38168"}],"wp:attachment":[{"href":"https:\/\/alunord.ee\/en\/wp-json\/wp\/v2\/media?parent=37630"}],"curies":[{"name":"wp","href":"https:\/\/api.w.org\/{rel}","templated":true}]}}